{"id":3134,"date":"2022-05-10T14:41:26","date_gmt":"2022-05-10T14:41:26","guid":{"rendered":"https:\/\/proinertial.com\/homepage-v2\/"},"modified":"2024-09-09T19:38:49","modified_gmt":"2024-09-09T19:38:49","slug":"homepage-v2","status":"publish","type":"page","link":"https:\/\/proinertial.com\/en\/","title":{"rendered":"Homepage v2"},"content":{"rendered":"<p>[et_pb_section fb_built=&#8221;1&#8243; fullwidth=&#8221;on&#8221; _builder_version=&#8221;4.16&#8243; _module_preset=&#8221;default&#8221; global_colors_info=&#8221;{}&#8221;][et_pb_fullwidth_slider _builder_version=&#8221;4.16&#8243; _module_preset=&#8221;default&#8221; header_font_size=&#8221;46px&#8221; min_height=&#8221;600px&#8221; min_height_tablet=&#8221;&#8221; min_height_phone=&#8221;&#8221; min_height_last_edited=&#8221;on|desktop&#8221; header_font_size_tablet=&#8221;35px&#8221; header_font_size_phone=&#8221;23px&#8221; header_font_size_last_edited=&#8221;on|desktop&#8221; global_colors_info=&#8221;{}&#8221;][et_pb_slide heading=&#8221;Professional Inertial Training&#8221; _builder_version=&#8221;4.16&#8243; _module_preset=&#8221;default&#8221; background_color=&#8221;rgba(0,0,0,0.5)&#8221; background_enable_color=&#8221;on&#8221; background_image=&#8221;https:\/\/proinertial.com\/wp-content\/uploads\/2020\/12\/Micro1-slider.png&#8221; background_enable_image=&#8221;on&#8221; global_colors_info=&#8221;{}&#8221; sticky_transition=&#8221;on&#8221;][\/et_pb_slide][et_pb_slide heading=&#8221;L\u00edderes en desarrollo y entrenamiento inercial&#8221; _builder_version=&#8221;4.16&#8243; _module_preset=&#8221;default&#8221; background_image=&#8221;https:\/\/proinertial.com\/wp-content\/uploads\/2020\/12\/Espanyol-slider.jpg&#8221; background_enable_image=&#8221;on&#8221; global_colors_info=&#8221;{}&#8221; sticky_transition=&#8221;on&#8221;][\/et_pb_slide][et_pb_slide heading=&#8221;Pioneros en entrenamiento inercial&#8221; _builder_version=&#8221;4.16&#8243; _module_preset=&#8221;default&#8221; background_image=&#8221;https:\/\/proinertial.com\/wp-content\/uploads\/2020\/12\/Pro2-slider.png&#8221; background_enable_image=&#8221;on&#8221; global_colors_info=&#8221;{}&#8221; sticky_transition=&#8221;on&#8221;][\/et_pb_slide][et_pb_slide heading=&#8221;Prevenci\u00f3n de lesiones&#8221; _builder_version=&#8221;4.16&#8243; _module_preset=&#8221;default&#8221; background_image=&#8221;https:\/\/proinertial.com\/wp-content\/uploads\/2020\/12\/FC-Barcelona-slider.jpg&#8221; background_enable_image=&#8221;on&#8221; global_colors_info=&#8221;{}&#8221; sticky_transition=&#8221;on&#8221;][\/et_pb_slide][et_pb_slide heading=&#8221;Entrenamiento inercial y rehabilitaci\u00f3n deportiva&#8221; _builder_version=&#8221;4.16&#8243; _module_preset=&#8221;default&#8221; background_image=&#8221;https:\/\/proinertial.com\/wp-content\/uploads\/2020\/12\/Pro-cuantif-7-slider.png&#8221; background_enable_image=&#8221;on&#8221; global_colors_info=&#8221;{}&#8221; sticky_transition=&#8221;on&#8221;][\/et_pb_slide][et_pb_slide heading=&#8221;Aumento de fuerza y desarrollo muscular&#8221; _builder_version=&#8221;4.16&#8243; _module_preset=&#8221;default&#8221; background_image=&#8221;https:\/\/proinertial.com\/wp-content\/uploads\/2020\/12\/Pablo-Lima-slider.jpg&#8221; background_enable_image=&#8221;on&#8221; global_colors_info=&#8221;{}&#8221; sticky_transition=&#8221;on&#8221;][\/et_pb_slide][\/et_pb_fullwidth_slider][\/et_pb_section][et_pb_section fb_built=&#8221;1&#8243; _builder_version=&#8221;4.16&#8243; _module_preset=&#8221;default&#8221; custom_padding=&#8221;0px||0px||false|false&#8221; global_colors_info=&#8221;{}&#8221;][et_pb_row custom_padding_last_edited=&#8221;on|desktop&#8221; module_class=&#8221;row-texto-introduccion-home&#8221; _builder_version=&#8221;4.16&#8243; _module_preset=&#8221;default&#8221; custom_padding=&#8221;100px||100px||false|false&#8221; custom_padding_tablet=&#8221;100px||100px||false|false&#8221; custom_padding_phone=&#8221;70px||70px||false|false&#8221; global_colors_info=&#8221;{}&#8221;][et_pb_column type=&#8221;4_4&#8243; _builder_version=&#8221;4.16&#8243; _module_preset=&#8221;default&#8221; global_colors_info=&#8221;{}&#8221;][et_pb_text admin_label=&#8221;Texto&#8221; _builder_version=&#8221;4.16&#8243; _module_preset=&#8221;default&#8221; text_orientation=&#8221;justified&#8221; global_colors_info=&#8221;{}&#8221;]<\/p>\n<h1 style=\"text-align: center;\"><span style=\"font-weight: 400;\">ONE INERTIAL MACHINE, THOUSANDS OF EXERCISES<\/span><\/h1>\n<p>[\/et_pb_text][et_pb_text _builder_version=&#8221;4.16&#8243; _module_preset=&#8221;default&#8221; text_orientation=&#8221;justified&#8221; global_colors_info=&#8221;{}&#8221;]<\/p>\n<h2 style=\"text-align: center;\"><span style=\"font-weight: 400;\">YOU CAN PERFORM ALL THE EXERCISES OF YOUR ROUTINE USING ONLY ONE OF OUR INERTIAL MACHINES<\/span><\/h2>\n<p>[\/et_pb_text][et_pb_button button_url=&#8221;@ET-DC@eyJkeW5hbWljIjp0cnVlLCJjb250ZW50IjoicG9zdF9saW5rX3VybF9wYWdlIiwic2V0dGluZ3MiOnsicG9zdF9pZCI6IjI3NjMifX0=@&#8221; button_text=&#8221;I WANT TO KNOW THE INERTIAL MACHINES OF PROINERTIAL\u00ae NOW&#8221; button_alignment=&#8221;center&#8221; _builder_version=&#8221;4.16&#8243; _dynamic_attributes=&#8221;button_url&#8221; _module_preset=&#8221;default&#8221; custom_button=&#8221;on&#8221; button_text_color=&#8221;#000000&#8243; global_colors_info=&#8221;{}&#8221; button_text_color__hover_enabled=&#8221;on|hover&#8221; button_text_color__hover=&#8221;#FFFFFF&#8221; button_bg_color__hover_enabled=&#8221;on|hover&#8221; button_bg_color__hover=&#8221;#000000&#8243; button_bg_enable_color__hover=&#8221;on&#8221;][\/et_pb_button][\/et_pb_column][\/et_pb_row][\/et_pb_section][et_pb_section fb_built=&#8221;1&#8243; _builder_version=&#8221;4.16&#8243; _module_preset=&#8221;default&#8221; custom_padding=&#8221;0px||0px||false|false&#8221; global_colors_info=&#8221;{}&#8221;][et_pb_row custom_padding_last_edited=&#8221;on|tablet&#8221; module_class=&#8221;row-partners-home&#8221; _builder_version=&#8221;4.16&#8243; _module_preset=&#8221;default&#8221; custom_padding=&#8221;0px||100px||false|false&#8221; custom_padding_tablet=&#8221;||0px||false|false&#8221; custom_padding_phone=&#8221;||30px||false|false&#8221; global_colors_info=&#8221;{}&#8221;][et_pb_column type=&#8221;4_4&#8243; _builder_version=&#8221;4.16&#8243; _module_preset=&#8221;default&#8221; global_colors_info=&#8221;{}&#8221;][et_pb_text _builder_version=&#8221;4.16&#8243; _module_preset=&#8221;default&#8221; header_2_text_align=&#8221;center&#8221; global_colors_info=&#8221;{}&#8221;]<\/p>\n<h2>OUR PARTNERS AND COLLABORATORS<\/h2>\n<p>[\/et_pb_text][et_pb_gallery gallery_ids=&#8221;1649,1645,1647,1651,1653,1655,1692,2610,2608&#8243; posts_number=&#8221;100&#8243; orientation=&#8221;portrait&#8221; show_title_and_caption=&#8221;off&#8221; show_pagination=&#8221;off&#8221; module_class=&#8221;gallery-images-disable-lightbox gallery-partners&#8221; _builder_version=&#8221;4.16&#8243; _module_preset=&#8221;default&#8221; width_tablet=&#8221;&#8221; width_phone=&#8221;&#8221; width_last_edited=&#8221;on|phone&#8221; module_alignment=&#8221;center&#8221; module_alignment_tablet=&#8221;center&#8221; module_alignment_phone=&#8221;center&#8221; module_alignment_last_edited=&#8221;on|phone&#8221; global_colors_info=&#8221;{}&#8221;][\/et_pb_gallery][\/et_pb_column][\/et_pb_row][et_pb_row column_structure=&#8221;1_2,1_2&#8243; _builder_version=&#8221;4.16&#8243; _module_preset=&#8221;default&#8221; custom_css_main_element=&#8221;display: flex;||align-items: center;&#8221; global_colors_info=&#8221;{}&#8221;][et_pb_column type=&#8221;1_2&#8243; _builder_version=&#8221;4.16&#8243; _module_preset=&#8221;default&#8221; global_colors_info=&#8221;{}&#8221;][et_pb_text _builder_version=&#8221;4.16&#8243; _module_preset=&#8221;default&#8221; global_colors_info=&#8221;{}&#8221;]<\/p>\n<h2>ABOUT US?<\/h2>\n<p>[\/et_pb_text][\/et_pb_column][et_pb_column type=&#8221;1_2&#8243; _builder_version=&#8221;4.16&#8243; _module_preset=&#8221;default&#8221; global_colors_info=&#8221;{}&#8221;][et_pb_text _builder_version=&#8221;4.16&#8243; _module_preset=&#8221;default&#8221; global_colors_info=&#8221;{}&#8221;]<\/p>\n<h3>UNITED FOR HEALTH AND SPORTS<\/h3>\n<p><span style=\"font-weight: 400;\">We are specialized in performance training, strength development and sports rehabilitation. We are committed to innovation and technology applied to eccentric training.\u00a0<\/span><b><\/b><\/p>\n<p><span style=\"font-weight: 400;\">We have been working with inertial methodology for more than 15 years.\u00a0<\/span><b><\/b><\/p>\n<p><span style=\"font-weight: 400;\">We design, manufacture, develop, train and market our own inertial machines.<\/span><\/p>\n<p>[\/et_pb_text][\/et_pb_column][\/et_pb_row][et_pb_row _builder_version=&#8221;4.16&#8243; _module_preset=&#8221;default&#8221; global_colors_info=&#8221;{}&#8221;][et_pb_column type=&#8221;4_4&#8243; _builder_version=&#8221;4.16&#8243; _module_preset=&#8221;default&#8221; global_colors_info=&#8221;{}&#8221;][et_pb_button button_url=&#8221;@ET-DC@eyJkeW5hbWljIjp0cnVlLCJjb250ZW50IjoicG9zdF9saW5rX3VybF9wYWdlIiwic2V0dGluZ3MiOnsicG9zdF9pZCI6IjI3NTcifX0=@&#8221; button_text=&#8221;I WANT TO KNOW WHO IS BEHIND PROINERTIAL\u00ae.&#8221; button_alignment=&#8221;center&#8221; _builder_version=&#8221;4.16&#8243; _dynamic_attributes=&#8221;button_url&#8221; _module_preset=&#8221;default&#8221; custom_button=&#8221;on&#8221; button_text_color=&#8221;#000000&#8243; global_colors_info=&#8221;{}&#8221; button_text_color__hover_enabled=&#8221;on|hover&#8221; button_text_color__hover=&#8221;#FFFFFF&#8221; button_bg_color__hover_enabled=&#8221;on|hover&#8221; button_bg_color__hover=&#8221;#000000&#8243; button_bg_enable_color__hover=&#8221;on&#8221;][\/et_pb_button][et_pb_text _builder_version=&#8221;4.16&#8243; _module_preset=&#8221;default&#8221; global_colors_info=&#8221;{}&#8221;]<\/p>\n<h2 style=\"text-align: center;\">INERTIAL EQUIPMENT<\/h2>\n<p>[\/et_pb_text][\/et_pb_column][\/et_pb_row][et_pb_row column_structure=&#8221;1_3,2_3&#8243; _builder_version=&#8221;4.16&#8243; _module_preset=&#8221;default&#8221; global_colors_info=&#8221;{}&#8221;][et_pb_column type=&#8221;1_3&#8243; admin_label=&#8221;Columna&#8221; _builder_version=&#8221;4.16&#8243; _module_preset=&#8221;default&#8221; global_colors_info=&#8221;{}&#8221;][et_pb_text _builder_version=&#8221;4.16&#8243; _module_preset=&#8221;default&#8221; global_colors_info=&#8221;{}&#8221;]<\/p>\n<p><span style=\"font-weight: 400;\">PROINERTIAL\u00ae is a functional training concept with free movements at different intensities with continuous resistance.\u00a0<\/span><\/p>\n<p><span style=\"font-weight: 400;\">The load adapts to any action and allows you to improve physical condition, increase strength, endurance and muscular power, as well as help in the prevention and recovery of injuries.<\/span><\/p>\n<p>[\/et_pb_text][\/et_pb_column][et_pb_column type=&#8221;2_3&#8243; _builder_version=&#8221;4.16&#8243; _module_preset=&#8221;default&#8221; global_colors_info=&#8221;{}&#8221;][et_pb_image src=&#8221;https:\/\/proinertial.com\/wp-content\/uploads\/2024\/09\/ProSquat-Harness-proinertial-quienes-somos.png&#8221; title_text=&#8221;ProSquat-Harness-proinertial-quienes-somos&#8221; _builder_version=&#8221;4.25.2&#8243; _module_preset=&#8221;default&#8221; hover_enabled=&#8221;0&#8243; global_colors_info=&#8221;{}&#8221; sticky_enabled=&#8221;0&#8243;][\/et_pb_image][\/et_pb_column][\/et_pb_row][et_pb_row _builder_version=&#8221;4.16&#8243; _module_preset=&#8221;default&#8221; global_colors_info=&#8221;{}&#8221;][et_pb_column type=&#8221;4_4&#8243; _builder_version=&#8221;4.16&#8243; _module_preset=&#8221;default&#8221; global_colors_info=&#8221;{}&#8221;][et_pb_button button_url=&#8221;@ET-DC@eyJkeW5hbWljIjp0cnVlLCJjb250ZW50IjoicG9zdF9saW5rX3VybF9wYWdlIiwic2V0dGluZ3MiOnsicG9zdF9pZCI6IjI3NTcifX0=@&#8221; button_text=&#8221;I WANT TO KNOW WHO IS BEHIND PROINERTIAL\u00ae.&#8221; button_alignment=&#8221;center&#8221; _builder_version=&#8221;4.16&#8243; _dynamic_attributes=&#8221;button_url&#8221; _module_preset=&#8221;default&#8221; custom_button=&#8221;on&#8221; button_text_color=&#8221;#000000&#8243; global_colors_info=&#8221;{}&#8221; button_text_color__hover_enabled=&#8221;on|hover&#8221; button_text_color__hover=&#8221;#FFFFFF&#8221; button_bg_color__hover_enabled=&#8221;on|hover&#8221; button_bg_color__hover=&#8221;#000000&#8243; button_bg_enable_color__hover=&#8221;on&#8221;][\/et_pb_button][et_pb_text _builder_version=&#8221;4.16&#8243; _module_preset=&#8221;default&#8221; global_colors_info=&#8221;{}&#8221;]<\/p>\n<h2 style=\"text-align: center;\">THIS IS PROINERTIAL\u00ae<\/h2>\n<p>[\/et_pb_text][\/et_pb_column][\/et_pb_row][\/et_pb_section][et_pb_section fb_built=&#8221;1&#8243; _builder_version=&#8221;4.16&#8243; _module_preset=&#8221;default&#8221; custom_padding=&#8221;0px||0px||false|false&#8221; global_colors_info=&#8221;{}&#8221;][et_pb_row custom_padding_last_edited=&#8221;on|desktop&#8221; module_class=&#8221;row-video-home&#8221; _builder_version=&#8221;4.16&#8243; _module_preset=&#8221;default&#8221; custom_padding=&#8221;0px||100px||false|false&#8221; custom_padding_tablet=&#8221;0px||100px||false|false&#8221; custom_padding_phone=&#8221;0px||70px||false|false&#8221; global_colors_info=&#8221;{}&#8221;][et_pb_column type=&#8221;4_4&#8243; _builder_version=&#8221;4.16&#8243; _module_preset=&#8221;default&#8221; global_colors_info=&#8221;{}&#8221;][et_pb_video src=&#8221;https:\/\/youtu.be\/k_iNXnnk_oc&#8221; _builder_version=&#8221;4.16&#8243; _module_preset=&#8221;default&#8221; global_colors_info=&#8221;{}&#8221;][\/et_pb_video][et_pb_text _builder_version=&#8221;4.16&#8243; _module_preset=&#8221;default&#8221; global_colors_info=&#8221;{}&#8221;]<\/p>\n<h3 style=\"text-align: center;\">MEET ALL YOUR GOALS IN LESS TIME WITH OUR INERTIAL MACHINES<\/h3>\n<p style=\"text-align: center;\"><span style=\"font-weight: 400;\">Inertial resistance will help you build muscle, increase strength, and prevent or recover from injuries more easily than with normal machinery.<\/span><\/p>\n<p style=\"text-align: center;\"><span style=\"font-weight: 400;\">All this is achieved thanks to the inertia of a disc that we accelerate in the concentric phase and that offers resistance in the eccentric phase of the exercise, developing work throughout the cycle of shortening and stretching.\u00a0<\/span><\/p>\n<p style=\"text-align: center;\"><span style=\"font-weight: 400;\">One of the ends of the transmission rope is wound around the axis or conical structure of the inertial machine in order to perform the traction. As you pull on the string during the concentric action, the inertial mass continues to rotate and causes we have to exert resistance to stop it.<\/span><\/p>\n<p>[\/et_pb_text][et_pb_button button_url=&#8221;@ET-DC@eyJkeW5hbWljIjp0cnVlLCJjb250ZW50IjoicG9zdF9saW5rX3VybF9wYWdlIiwic2V0dGluZ3MiOnsicG9zdF9pZCI6IjQ2In19@&#8221; button_text=&#8221;I WANT TO CONTACT AND KNOW THE EQUIPMENT&#8221; button_alignment=&#8221;center&#8221; _builder_version=&#8221;4.16&#8243; _dynamic_attributes=&#8221;button_url&#8221; _module_preset=&#8221;default&#8221; custom_button=&#8221;on&#8221; button_text_color=&#8221;#000000&#8243; global_colors_info=&#8221;{}&#8221; button_text_color__hover_enabled=&#8221;on|hover&#8221; button_text_color__hover=&#8221;#FFFFFF&#8221; button_bg_color__hover_enabled=&#8221;on|hover&#8221; button_bg_color__hover=&#8221;#000000&#8243; button_bg_enable_color__hover=&#8221;on&#8221;][\/et_pb_button][\/et_pb_column][\/et_pb_row][\/et_pb_section]<\/p>\n","protected":false},"excerpt":{"rendered":"<p>ONE INERTIAL MACHINE, THOUSANDS OF EXERCISESYOU CAN PERFORM ALL THE EXERCISES OF YOUR ROUTINE USING ONLY ONE OF OUR INERTIAL MACHINESOUR PARTNERS AND COLLABORATORSABOUT US?UNITED FOR HEALTH AND SPORTS We are specialized in performance training, strength development and sports rehabilitation. We are committed to innovation and technology applied to eccentric training.\u00a0 We have been working [&hellip;]<\/p>\n","protected":false},"author":1,"featured_media":0,"parent":0,"menu_order":0,"comment_status":"closed","ping_status":"closed","template":"","meta":{"_et_pb_use_builder":"on","_et_pb_old_content":"","_et_gb_content_width":"","footnotes":""},"yoast_head":"<!-- This site is optimized with the Yoast SEO plugin v22.9 - https:\/\/yoast.com\/wordpress\/plugins\/seo\/ -->\n<title>Proinertial - ONE INERTIAL MACHINE, THOUSANDS OF EXERCISES<\/title>\n<meta name=\"description\" content=\"Las m\u00e1quinas inerciales te ayudar\u00e1n a fortalecer m\u00fasculos, aumentar fuerza y prevenir o recuperarte de lesiones de manera m\u00e1s sencilla que con maquinaria normal.\" \/>\n<meta name=\"robots\" content=\"index, follow, max-snippet:-1, max-image-preview:large, max-video-preview:-1\" \/>\n<link rel=\"canonical\" href=\"https:\/\/proinertial.com\/en\/\" \/>\n<meta property=\"og:locale\" content=\"en_US\" \/>\n<meta property=\"og:type\" content=\"article\" \/>\n<meta property=\"og:title\" content=\"Proinertial - ONE INERTIAL MACHINE, THOUSANDS OF EXERCISES\" \/>\n<meta property=\"og:description\" content=\"Las m\u00e1quinas inerciales te ayudar\u00e1n a fortalecer m\u00fasculos, aumentar fuerza y prevenir o recuperarte de lesiones de manera m\u00e1s sencilla que con maquinaria normal.\" \/>\n<meta property=\"og:url\" content=\"https:\/\/proinertial.com\/\" \/>\n<meta property=\"og:site_name\" content=\"Proinertial. M\u00e1quinas inerciales. Entrenamiento exc\u00e9ntrico. Fabricante\" \/>\n<meta property=\"article:modified_time\" content=\"2024-09-09T19:38:49+00:00\" \/>\n<meta name=\"twitter:card\" content=\"summary_large_image\" \/>\n<meta name=\"twitter:label1\" content=\"Est. reading time\" \/>\n\t<meta name=\"twitter:data1\" content=\"8 minutes\" \/>\n<script type=\"application\/ld+json\" class=\"yoast-schema-graph\">{\"@context\":\"https:\/\/schema.org\",\"@graph\":[{\"@type\":\"WebPage\",\"@id\":\"https:\/\/proinertial.com\/\",\"url\":\"https:\/\/proinertial.com\/\",\"name\":\"Proinertial - ONE INERTIAL MACHINE, THOUSANDS OF EXERCISES\",\"isPartOf\":{\"@id\":\"https:\/\/proinertial.com\/#website\"},\"datePublished\":\"2022-05-10T14:41:26+00:00\",\"dateModified\":\"2024-09-09T19:38:49+00:00\",\"description\":\"Las m\u00e1quinas inerciales te ayudar\u00e1n a fortalecer m\u00fasculos, aumentar fuerza y prevenir o recuperarte de lesiones de manera m\u00e1s sencilla que con maquinaria normal.\",\"breadcrumb\":{\"@id\":\"https:\/\/proinertial.com\/#breadcrumb\"},\"inLanguage\":\"en-US\",\"potentialAction\":[{\"@type\":\"ReadAction\",\"target\":[\"https:\/\/proinertial.com\/\"]}]},{\"@type\":\"BreadcrumbList\",\"@id\":\"https:\/\/proinertial.com\/#breadcrumb\",\"itemListElement\":[{\"@type\":\"ListItem\",\"position\":1,\"name\":\"Portada\",\"item\":\"https:\/\/proinertial.com\/\"},{\"@type\":\"ListItem\",\"position\":2,\"name\":\"Homepage v2\"}]},{\"@type\":\"WebSite\",\"@id\":\"https:\/\/proinertial.com\/#website\",\"url\":\"https:\/\/proinertial.com\/\",\"name\":\"Proinertial. M\u00e1quinas inerciales. Entrenamiento exc\u00e9ntrico. Fabricante\",\"description\":\"Desarrollamos maquinaria inercial para ejercicios de resistencia con entrenamiento exc\u00e9ntrico. Equipos de disco inercial flywheel, polea c\u00f3nica, leg curl\/press.\",\"potentialAction\":[{\"@type\":\"SearchAction\",\"target\":{\"@type\":\"EntryPoint\",\"urlTemplate\":\"https:\/\/proinertial.com\/?s={search_term_string}\"},\"query-input\":\"required name=search_term_string\"}],\"inLanguage\":\"en-US\"}]}<\/script>\n<!-- \/ Yoast SEO plugin. -->","yoast_head_json":{"title":"Proinertial - ONE INERTIAL MACHINE, THOUSANDS OF EXERCISES","description":"Las m\u00e1quinas inerciales te ayudar\u00e1n a fortalecer m\u00fasculos, aumentar fuerza y prevenir o recuperarte de lesiones de manera m\u00e1s sencilla que con maquinaria normal.","robots":{"index":"index","follow":"follow","max-snippet":"max-snippet:-1","max-image-preview":"max-image-preview:large","max-video-preview":"max-video-preview:-1"},"canonical":"https:\/\/proinertial.com\/en\/","og_locale":"en_US","og_type":"article","og_title":"Proinertial - ONE INERTIAL MACHINE, THOUSANDS OF EXERCISES","og_description":"Las m\u00e1quinas inerciales te ayudar\u00e1n a fortalecer m\u00fasculos, aumentar fuerza y prevenir o recuperarte de lesiones de manera m\u00e1s sencilla que con maquinaria normal.","og_url":"https:\/\/proinertial.com\/","og_site_name":"Proinertial. M\u00e1quinas inerciales. Entrenamiento exc\u00e9ntrico. Fabricante","article_modified_time":"2024-09-09T19:38:49+00:00","twitter_card":"summary_large_image","twitter_misc":{"Est. reading time":"8 minutes"},"schema":{"@context":"https:\/\/schema.org","@graph":[{"@type":"WebPage","@id":"https:\/\/proinertial.com\/","url":"https:\/\/proinertial.com\/","name":"Proinertial - ONE INERTIAL MACHINE, THOUSANDS OF EXERCISES","isPartOf":{"@id":"https:\/\/proinertial.com\/#website"},"datePublished":"2022-05-10T14:41:26+00:00","dateModified":"2024-09-09T19:38:49+00:00","description":"Las m\u00e1quinas inerciales te ayudar\u00e1n a fortalecer m\u00fasculos, aumentar fuerza y prevenir o recuperarte de lesiones de manera m\u00e1s sencilla que con maquinaria normal.","breadcrumb":{"@id":"https:\/\/proinertial.com\/#breadcrumb"},"inLanguage":"en-US","potentialAction":[{"@type":"ReadAction","target":["https:\/\/proinertial.com\/"]}]},{"@type":"BreadcrumbList","@id":"https:\/\/proinertial.com\/#breadcrumb","itemListElement":[{"@type":"ListItem","position":1,"name":"Portada","item":"https:\/\/proinertial.com\/"},{"@type":"ListItem","position":2,"name":"Homepage v2"}]},{"@type":"WebSite","@id":"https:\/\/proinertial.com\/#website","url":"https:\/\/proinertial.com\/","name":"Proinertial. M\u00e1quinas inerciales. Entrenamiento exc\u00e9ntrico. Fabricante","description":"Desarrollamos maquinaria inercial para ejercicios de resistencia con entrenamiento exc\u00e9ntrico. Equipos de disco inercial flywheel, polea c\u00f3nica, leg curl\/press.","potentialAction":[{"@type":"SearchAction","target":{"@type":"EntryPoint","urlTemplate":"https:\/\/proinertial.com\/?s={search_term_string}"},"query-input":"required name=search_term_string"}],"inLanguage":"en-US"}]}},"_links":{"self":[{"href":"https:\/\/proinertial.com\/en\/wp-json\/wp\/v2\/pages\/3134"}],"collection":[{"href":"https:\/\/proinertial.com\/en\/wp-json\/wp\/v2\/pages"}],"about":[{"href":"https:\/\/proinertial.com\/en\/wp-json\/wp\/v2\/types\/page"}],"author":[{"embeddable":true,"href":"https:\/\/proinertial.com\/en\/wp-json\/wp\/v2\/users\/1"}],"replies":[{"embeddable":true,"href":"https:\/\/proinertial.com\/en\/wp-json\/wp\/v2\/comments?post=3134"}],"version-history":[{"count":4,"href":"https:\/\/proinertial.com\/en\/wp-json\/wp\/v2\/pages\/3134\/revisions"}],"predecessor-version":[{"id":3202,"href":"https:\/\/proinertial.com\/en\/wp-json\/wp\/v2\/pages\/3134\/revisions\/3202"}],"wp:attachment":[{"href":"https:\/\/proinertial.com\/en\/wp-json\/wp\/v2\/media?parent=3134"}],"curies":[{"name":"wp","href":"https:\/\/api.w.org\/{rel}","templated":true}]}}