{"id":783,"date":"2020-11-13T11:48:15","date_gmt":"2020-11-13T11:48:15","guid":{"rendered":"https:\/\/proinertial.com\/contacto\/"},"modified":"2021-03-18T14:01:30","modified_gmt":"2021-03-18T14:01:30","slug":"contact","status":"publish","type":"page","link":"https:\/\/proinertial.com\/en\/contact\/","title":{"rendered":"Contact"},"content":{"rendered":"<p>[et_pb_section fb_built=&#8221;1&#8243; _builder_version=&#8221;4.7.3&#8243; _module_preset=&#8221;default&#8221; custom_padding=&#8221;0px||0px||false|false&#8221;][et_pb_row module_class=&#8221;row-image-header&#8221; _builder_version=&#8221;4.7.3&#8243; _module_preset=&#8221;default&#8221; width=&#8221;100%&#8221; max_width=&#8221;1920px&#8221; custom_padding=&#8221;0px|0px|0px|0px|false|false&#8221;][et_pb_column type=&#8221;4_4&#8243; _builder_version=&#8221;4.7.0&#8243; _module_preset=&#8221;default&#8221;][et_pb_image src=&#8221;https:\/\/proinertial.com\/wp-content\/uploads\/2020\/12\/Header_CONTACTO.png&#8221; title_text=&#8221;Header_CONTACTO&#8221; _builder_version=&#8221;4.7.4&#8243; _module_preset=&#8221;default&#8221; min_height_tablet=&#8221;250px&#8221; min_height_phone=&#8221;135px&#8221; min_height_last_edited=&#8221;on|desktop&#8221; custom_margin=&#8221;||0px||false|false&#8221;][\/et_pb_image][et_pb_text module_class=&#8221;container-overlay&#8221; _builder_version=&#8221;4.7.4&#8243; _module_preset=&#8221;default&#8221; header_text_align=&#8221;center&#8221; header_text_color=&#8221;#ffffff&#8221; header_font_size=&#8221;50px&#8221; header_font_size_tablet=&#8221;40px&#8221; header_font_size_phone=&#8221;27px&#8221; header_font_size_last_edited=&#8221;on|desktop&#8221;]<\/p>\n<h1>CONTACT<\/h1>\n<p>[\/et_pb_text][\/et_pb_column][\/et_pb_row][\/et_pb_section][et_pb_section fb_built=&#8221;1&#8243; _builder_version=&#8221;4.7.3&#8243; _module_preset=&#8221;default&#8221; custom_padding=&#8221;0px||0px||false|false&#8221;][et_pb_row column_structure=&#8221;1_2,1_2&#8243; custom_padding_last_edited=&#8221;on|desktop&#8221; module_class=&#8221;row-info-formulario-contacto&#8221; _builder_version=&#8221;4.7.3&#8243; _module_preset=&#8221;default&#8221; custom_padding=&#8221;100px||100px||false|false&#8221; custom_padding_tablet=&#8221;100px||100px||false|false&#8221; custom_padding_phone=&#8221;70px||70px||false|false&#8221;][et_pb_column type=&#8221;1_2&#8243; _builder_version=&#8221;4.7.3&#8243; _module_preset=&#8221;default&#8221;][et_pb_text _builder_version=&#8221;4.9.1&#8243; _module_preset=&#8221;default&#8221; hover_enabled=&#8221;0&#8243; sticky_enabled=&#8221;0&#8243;]<\/p>\n<h3>Email<\/h3>\n<p><a href=\"mailto:info@proinertial.com\">info@proinertial.com<\/a><\/p>\n<h3>Address<\/h3>\n<p>Avinguda del Guix, 2 08915 Badalona Barcelona<\/p>\n<h3>Phone<\/h3>\n<p><a href=\"tel:+34676871448\">+34 676 871 448<\/a><\/p>\n<p>[\/et_pb_text][et_pb_text _builder_version=&#8221;4.7.5&#8243; _module_preset=&#8221;default&#8221;]<\/p>\n<h3>Collaborating centres<\/h3>\n<ul>\n<li>TecnoSport Badalona (Barcelona)<\/li>\n<li>Programa Cos (Barcelona)<\/li>\n<li>Crossfit Studio (Barcelona)<\/li>\n<li>PowerExplosive (Madrid)<\/li>\n<li>Effort Entrenamiento personal (Alicante)<\/li>\n<li>\u00c9lite Entrenamiento personal (M\u00e1laga)<\/li>\n<li>Fisalde (Guadix, Granada)<\/li>\n<li>Padel ThePlayers (Valladolid)<\/li>\n<li>Cl\u00ednica Fisioterapia Las Gaunas (Logro\u00f1o)<\/li>\n<\/ul>\n<p>[\/et_pb_text][\/et_pb_column][et_pb_column type=&#8221;1_2&#8243; _builder_version=&#8221;4.7.3&#8243; _module_preset=&#8221;default&#8221;][et_pb_code _builder_version=&#8221;4.7.4&#8243; _module_preset=&#8221;default&#8221;]\n<div class=\"wpcf7 no-js\" id=\"wpcf7-f1118-o1\" lang=\"es-ES\" dir=\"ltr\">\n<div class=\"screen-reader-response\"><p role=\"status\" aria-live=\"polite\" aria-atomic=\"true\"><\/p> <ul><\/ul><\/div>\n<form action=\"\/en\/wp-json\/wp\/v2\/pages\/783#wpcf7-f1118-o1\" method=\"post\" class=\"wpcf7-form init\" aria-label=\"Formulario de contacto\" novalidate=\"novalidate\" data-status=\"init\">\n<div style=\"display: none;\">\n<input type=\"hidden\" name=\"_wpcf7\" value=\"1118\" \/>\n<input type=\"hidden\" name=\"_wpcf7_version\" value=\"5.9.6\" \/>\n<input type=\"hidden\" name=\"_wpcf7_locale\" value=\"es_ES\" \/>\n<input type=\"hidden\" name=\"_wpcf7_unit_tag\" value=\"wpcf7-f1118-o1\" \/>\n<input type=\"hidden\" name=\"_wpcf7_container_post\" value=\"0\" \/>\n<input type=\"hidden\" name=\"_wpcf7_posted_data_hash\" value=\"\" \/>\n<\/div>\n<p><span class=\"wpcf7-form-control-wrap\" data-name=\"nombre\"><input size=\"40\" maxlength=\"80\" class=\"wpcf7-form-control wpcf7-text wpcf7-validates-as-required\" aria-required=\"true\" aria-invalid=\"false\" placeholder=\"Name\" value=\"\" type=\"text\" name=\"nombre\" \/><\/span>\n<\/p>\n<p><span class=\"wpcf7-form-control-wrap\" data-name=\"email\"><input size=\"40\" maxlength=\"80\" class=\"wpcf7-form-control wpcf7-email wpcf7-validates-as-required wpcf7-text wpcf7-validates-as-email\" aria-required=\"true\" aria-invalid=\"false\" placeholder=\"Email\" value=\"\" type=\"email\" name=\"email\" \/><\/span>\n<\/p>\n<p><span class=\"wpcf7-form-control-wrap\" data-name=\"telefono\"><input size=\"40\" maxlength=\"80\" class=\"wpcf7-form-control wpcf7-text wpcf7-validates-as-required\" aria-required=\"true\" aria-invalid=\"false\" placeholder=\"Phone\" value=\"\" type=\"text\" name=\"telefono\" \/><\/span>\n<\/p>\n<p><span class=\"wpcf7-form-control-wrap\" data-name=\"mensaje\"><textarea cols=\"40\" rows=\"7\" maxlength=\"400\" class=\"wpcf7-form-control wpcf7-textarea wpcf7-validates-as-required\" aria-required=\"true\" aria-invalid=\"false\" placeholder=\"Message\" name=\"mensaje\"><\/textarea><\/span>\n<\/p>\n<div class=\"check-privacidad\">\n\t<p><span class=\"wpcf7-form-control-wrap\" data-name=\"acceptance-949\"><span class=\"wpcf7-form-control wpcf7-acceptance\"><span class=\"wpcf7-list-item\"><input type=\"checkbox\" name=\"acceptance-949\" value=\"1\" aria-invalid=\"false\" \/><\/span><\/span><\/span> I have read and accept the terms of the <a href=\"\/en\/privacy-policy\" target=\"_blank\">privacy policy<\/a>\n\t<\/p>\n<\/div>\n<p><span id=\"wpcf7-69e8b7a7bc018-wrapper\" class=\"wpcf7-form-control-wrap honeypot-468-wrap\" style=\"display:none !important; visibility:hidden !important;\"><label for=\"wpcf7-69e8b7a7bc018-field\" class=\"hp-message\">Por favor, deja este campo vac\u00edo.<\/label><input id=\"wpcf7-69e8b7a7bc018-field\"  class=\"wpcf7-form-control wpcf7-text\" type=\"text\" name=\"honeypot-468\" value=\"\" size=\"40\" tabindex=\"-1\" autocomplete=\"new-password\" \/><\/span>\n<\/p>\n<div class=\"boton-submit\">\n\t<p><input class=\"wpcf7-form-control wpcf7-submit has-spinner\" type=\"submit\" value=\"Send\" \/>\n\t<\/p>\n<\/div><div class=\"wpcf7-response-output\" aria-hidden=\"true\"><\/div>\n<\/form>\n<\/div>\n[\/et_pb_code][\/et_pb_column][\/et_pb_row][\/et_pb_section][et_pb_section fb_built=&#8221;1&#8243; _builder_version=&#8221;4.7.3&#8243; _module_preset=&#8221;default&#8221; custom_padding=&#8221;0px||0px||false|false&#8221;][et_pb_row custom_padding_last_edited=&#8221;on|desktop&#8221; _builder_version=&#8221;4.7.5&#8243; _module_preset=&#8221;default&#8221; width=&#8221;100%&#8221; max_width=&#8221;1920px&#8221; custom_padding=&#8221;0px|0px|0px|0px|false|false&#8221; custom_padding_tablet=&#8221;||0px||false|false&#8221; custom_padding_phone=&#8221;|0px|0px|0px|false|false&#8221;][et_pb_column type=&#8221;4_4&#8243; _builder_version=&#8221;4.7.3&#8243; _module_preset=&#8221;default&#8221;][et_pb_text _builder_version=&#8221;4.7.4&#8243; _module_preset=&#8221;default&#8221; header_2_text_align=&#8221;center&#8221; header_2_font_size=&#8221;35px&#8221; custom_margin=&#8221;||35px||false|false&#8221; header_2_font_size_tablet=&#8221;30px&#8221; header_2_font_size_phone=&#8221;&#8221; header_2_font_size_last_edited=&#8221;on|desktop&#8221;]<\/p>\n<h2>Our headquarters<\/h2>\n<p>[\/et_pb_text][et_pb_code _builder_version=&#8221;4.7.3&#8243; _module_preset=&#8221;default&#8221;]<\/p>\n<div class=\"container-mapa\"><!-- [et_pb_line_break_holder] --><iframe loading=\"lazy\" src=\"https:\/\/www.google.com\/maps\/embed?pb=!1m18!1m12!1m3!1d2989.9470060135627!2d2.250220415693812!3d41.46206469932478!2m3!1f0!2f0!3f0!3m2!1i1024!2i768!4f13.1!3m3!1m2!1s0x12a4bba633cc14a3%3A0x471d7b60664c6df3!2sProinertial!5e0!3m2!1ses!2ses!4v1606217372241!5m2!1ses!2ses\" width=\"100%\" height=\"450\" frameborder=\"0\" style=\"border:0;\" allowfullscreen=\"\" aria-hidden=\"false\" tabindex=\"0\"><\/iframe><!-- [et_pb_line_break_holder] --><\/div>\n<p>[\/et_pb_code][\/et_pb_column][\/et_pb_row][\/et_pb_section]<\/p>\n","protected":false},"excerpt":{"rendered":"<p>CONTACTEmail info@proinertial.com Address Avinguda del Guix, 2 08915 Badalona Barcelona Phone +34 676 871 448Collaborating centres TecnoSport Badalona (Barcelona) Programa Cos (Barcelona) Crossfit Studio (Barcelona) PowerExplosive (Madrid) Effort Entrenamiento personal (Alicante) \u00c9lite Entrenamiento personal (M\u00e1laga) Fisalde (Guadix, Granada) Padel ThePlayers (Valladolid) Cl\u00ednica Fisioterapia Las Gaunas (Logro\u00f1o) \n<div class=\"wpcf7 no-js\" id=\"wpcf7-f1118-o2\" lang=\"es-ES\" dir=\"ltr\">\n<div class=\"screen-reader-response\"><p role=\"status\" aria-live=\"polite\" aria-atomic=\"true\"><\/p> <ul><\/ul><\/div>\n<form action=\"\/en\/wp-json\/wp\/v2\/pages\/783#wpcf7-f1118-o2\" method=\"post\" class=\"wpcf7-form init\" aria-label=\"Formulario de contacto\" novalidate=\"novalidate\" data-status=\"init\">\n<div style=\"display: none;\">\n<input type=\"hidden\" name=\"_wpcf7\" value=\"1118\" \/>\n<input type=\"hidden\" name=\"_wpcf7_version\" value=\"5.9.6\" \/>\n<input type=\"hidden\" name=\"_wpcf7_locale\" value=\"es_ES\" \/>\n<input type=\"hidden\" name=\"_wpcf7_unit_tag\" value=\"wpcf7-f1118-o2\" \/>\n<input type=\"hidden\" name=\"_wpcf7_container_post\" value=\"0\" \/>\n<input type=\"hidden\" name=\"_wpcf7_posted_data_hash\" value=\"\" \/>\n<\/div>\n<p><span class=\"wpcf7-form-control-wrap\" data-name=\"nombre\"><input size=\"40\" maxlength=\"80\" class=\"wpcf7-form-control wpcf7-text wpcf7-validates-as-required\" aria-required=\"true\" aria-invalid=\"false\" placeholder=\"Name\" value=\"\" type=\"text\" name=\"nombre\" \/><\/span>\n<\/p>\n<p><span class=\"wpcf7-form-control-wrap\" data-name=\"email\"><input size=\"40\" maxlength=\"80\" class=\"wpcf7-form-control wpcf7-email wpcf7-validates-as-required wpcf7-text wpcf7-validates-as-email\" aria-required=\"true\" aria-invalid=\"false\" placeholder=\"Email\" value=\"\" type=\"email\" name=\"email\" \/><\/span>\n<\/p>\n<p><span class=\"wpcf7-form-control-wrap\" data-name=\"telefono\"><input size=\"40\" maxlength=\"80\" class=\"wpcf7-form-control wpcf7-text wpcf7-validates-as-required\" aria-required=\"true\" aria-invalid=\"false\" placeholder=\"Phone\" value=\"\" type=\"text\" name=\"telefono\" \/><\/span>\n<\/p>\n<p><span class=\"wpcf7-form-control-wrap\" data-name=\"mensaje\"><textarea cols=\"40\" rows=\"7\" maxlength=\"400\" class=\"wpcf7-form-control wpcf7-textarea wpcf7-validates-as-required\" aria-required=\"true\" aria-invalid=\"false\" placeholder=\"Message\" name=\"mensaje\"><\/textarea><\/span>\n<\/p>\n<div class=\"check-privacidad\">\n\t<p><span class=\"wpcf7-form-control-wrap\" data-name=\"acceptance-949\"><span class=\"wpcf7-form-control wpcf7-acceptance\"><span class=\"wpcf7-list-item\"><input type=\"checkbox\" name=\"acceptance-949\" value=\"1\" aria-invalid=\"false\" \/><\/span><\/span><\/span> I have read and accept the terms of the <a href=\"\/en\/privacy-policy\" target=\"_blank\">privacy policy<\/a>\n\t<\/p>\n<\/div>\n<p><span id=\"wpcf7-69e8b7a7c4b84-wrapper\" class=\"wpcf7-form-control-wrap honeypot-468-wrap\" style=\"display:none !important; visibility:hidden !important;\"><label for=\"wpcf7-69e8b7a7c4b84-field\" class=\"hp-message\">Por favor, deja este campo vac\u00edo.<\/label><input id=\"wpcf7-69e8b7a7c4b84-field\"  class=\"wpcf7-form-control wpcf7-text\" type=\"text\" name=\"honeypot-468\" value=\"\" size=\"40\" tabindex=\"-1\" autocomplete=\"new-password\" \/><\/span>\n<\/p>\n<div class=\"boton-submit\">\n\t<p><input class=\"wpcf7-form-control wpcf7-submit has-spinner\" type=\"submit\" value=\"Send\" \/>\n\t<\/p>\n<\/div><div class=\"wpcf7-response-output\" aria-hidden=\"true\"><\/div>\n<\/form>\n<\/div>\nOur headquarters<\/p>\n","protected":false},"author":1,"featured_media":0,"parent":0,"menu_order":0,"comment_status":"closed","ping_status":"closed","template":"","meta":{"_et_pb_use_builder":"on","_et_pb_old_content":"","_et_gb_content_width":"","footnotes":""},"yoast_head":"<!-- This site is optimized with the Yoast SEO plugin v22.9 - https:\/\/yoast.com\/wordpress\/plugins\/seo\/ -->\n<title>Contact - Proinertial. M\u00e1quinas inerciales. Entrenamiento exc\u00e9ntrico. Fabricante<\/title>\n<meta name=\"robots\" content=\"index, follow, max-snippet:-1, max-image-preview:large, max-video-preview:-1\" \/>\n<link rel=\"canonical\" href=\"https:\/\/proinertial.com\/en\/contact\/\" \/>\n<meta property=\"og:locale\" content=\"en_US\" \/>\n<meta property=\"og:type\" content=\"article\" \/>\n<meta property=\"og:title\" content=\"Contact - Proinertial. M\u00e1quinas inerciales. Entrenamiento exc\u00e9ntrico. Fabricante\" \/>\n<meta property=\"og:description\" content=\"CONTACTEmail info@proinertial.com Address Avinguda del Guix, 2 08915 Badalona Barcelona Phone +34 676 871 448Collaborating centres TecnoSport Badalona (Barcelona) Programa Cos (Barcelona) Crossfit Studio (Barcelona) PowerExplosive (Madrid) Effort Entrenamiento personal (Alicante) \u00c9lite Entrenamiento personal (M\u00e1laga) Fisalde (Guadix, Granada) Padel ThePlayers (Valladolid) Cl\u00ednica Fisioterapia Las Gaunas (Logro\u00f1o) Our headquarters\" \/>\n<meta property=\"og:url\" content=\"https:\/\/proinertial.com\/en\/contact\/\" \/>\n<meta property=\"og:site_name\" content=\"Proinertial. M\u00e1quinas inerciales. Entrenamiento exc\u00e9ntrico. Fabricante\" \/>\n<meta property=\"article:modified_time\" content=\"2021-03-18T14:01:30+00:00\" \/>\n<meta name=\"twitter:card\" content=\"summary_large_image\" \/>\n<meta name=\"twitter:label1\" content=\"Est. reading time\" \/>\n\t<meta name=\"twitter:data1\" content=\"2 minutes\" \/>\n<script type=\"application\/ld+json\" class=\"yoast-schema-graph\">{\"@context\":\"https:\/\/schema.org\",\"@graph\":[{\"@type\":\"WebPage\",\"@id\":\"https:\/\/proinertial.com\/en\/contact\/\",\"url\":\"https:\/\/proinertial.com\/en\/contact\/\",\"name\":\"Contact - Proinertial. M\u00e1quinas inerciales. Entrenamiento exc\u00e9ntrico. Fabricante\",\"isPartOf\":{\"@id\":\"https:\/\/proinertial.com\/#website\"},\"datePublished\":\"2020-11-13T11:48:15+00:00\",\"dateModified\":\"2021-03-18T14:01:30+00:00\",\"breadcrumb\":{\"@id\":\"https:\/\/proinertial.com\/en\/contact\/#breadcrumb\"},\"inLanguage\":\"en-US\",\"potentialAction\":[{\"@type\":\"ReadAction\",\"target\":[\"https:\/\/proinertial.com\/en\/contact\/\"]}]},{\"@type\":\"BreadcrumbList\",\"@id\":\"https:\/\/proinertial.com\/en\/contact\/#breadcrumb\",\"itemListElement\":[{\"@type\":\"ListItem\",\"position\":1,\"name\":\"Portada\",\"item\":\"https:\/\/proinertial.com\/\"},{\"@type\":\"ListItem\",\"position\":2,\"name\":\"Contact\"}]},{\"@type\":\"WebSite\",\"@id\":\"https:\/\/proinertial.com\/#website\",\"url\":\"https:\/\/proinertial.com\/\",\"name\":\"Proinertial. M\u00e1quinas inerciales. Entrenamiento exc\u00e9ntrico. Fabricante\",\"description\":\"Desarrollamos maquinaria inercial para ejercicios de resistencia con entrenamiento exc\u00e9ntrico. Equipos de disco inercial flywheel, polea c\u00f3nica, leg curl\/press.\",\"potentialAction\":[{\"@type\":\"SearchAction\",\"target\":{\"@type\":\"EntryPoint\",\"urlTemplate\":\"https:\/\/proinertial.com\/?s={search_term_string}\"},\"query-input\":\"required name=search_term_string\"}],\"inLanguage\":\"en-US\"}]}<\/script>\n<!-- \/ Yoast SEO plugin. -->","yoast_head_json":{"title":"Contact - Proinertial. M\u00e1quinas inerciales. Entrenamiento exc\u00e9ntrico. Fabricante","robots":{"index":"index","follow":"follow","max-snippet":"max-snippet:-1","max-image-preview":"max-image-preview:large","max-video-preview":"max-video-preview:-1"},"canonical":"https:\/\/proinertial.com\/en\/contact\/","og_locale":"en_US","og_type":"article","og_title":"Contact - Proinertial. M\u00e1quinas inerciales. Entrenamiento exc\u00e9ntrico. Fabricante","og_description":"CONTACTEmail info@proinertial.com Address Avinguda del Guix, 2 08915 Badalona Barcelona Phone +34 676 871 448Collaborating centres TecnoSport Badalona (Barcelona) Programa Cos (Barcelona) Crossfit Studio (Barcelona) PowerExplosive (Madrid) Effort Entrenamiento personal (Alicante) \u00c9lite Entrenamiento personal (M\u00e1laga) Fisalde (Guadix, Granada) Padel ThePlayers (Valladolid) Cl\u00ednica Fisioterapia Las Gaunas (Logro\u00f1o) Our headquarters","og_url":"https:\/\/proinertial.com\/en\/contact\/","og_site_name":"Proinertial. M\u00e1quinas inerciales. Entrenamiento exc\u00e9ntrico. Fabricante","article_modified_time":"2021-03-18T14:01:30+00:00","twitter_card":"summary_large_image","twitter_misc":{"Est. reading time":"2 minutes"},"schema":{"@context":"https:\/\/schema.org","@graph":[{"@type":"WebPage","@id":"https:\/\/proinertial.com\/en\/contact\/","url":"https:\/\/proinertial.com\/en\/contact\/","name":"Contact - Proinertial. M\u00e1quinas inerciales. Entrenamiento exc\u00e9ntrico. Fabricante","isPartOf":{"@id":"https:\/\/proinertial.com\/#website"},"datePublished":"2020-11-13T11:48:15+00:00","dateModified":"2021-03-18T14:01:30+00:00","breadcrumb":{"@id":"https:\/\/proinertial.com\/en\/contact\/#breadcrumb"},"inLanguage":"en-US","potentialAction":[{"@type":"ReadAction","target":["https:\/\/proinertial.com\/en\/contact\/"]}]},{"@type":"BreadcrumbList","@id":"https:\/\/proinertial.com\/en\/contact\/#breadcrumb","itemListElement":[{"@type":"ListItem","position":1,"name":"Portada","item":"https:\/\/proinertial.com\/"},{"@type":"ListItem","position":2,"name":"Contact"}]},{"@type":"WebSite","@id":"https:\/\/proinertial.com\/#website","url":"https:\/\/proinertial.com\/","name":"Proinertial. M\u00e1quinas inerciales. Entrenamiento exc\u00e9ntrico. Fabricante","description":"Desarrollamos maquinaria inercial para ejercicios de resistencia con entrenamiento exc\u00e9ntrico. Equipos de disco inercial flywheel, polea c\u00f3nica, leg curl\/press.","potentialAction":[{"@type":"SearchAction","target":{"@type":"EntryPoint","urlTemplate":"https:\/\/proinertial.com\/?s={search_term_string}"},"query-input":"required name=search_term_string"}],"inLanguage":"en-US"}]}},"_links":{"self":[{"href":"https:\/\/proinertial.com\/en\/wp-json\/wp\/v2\/pages\/783"}],"collection":[{"href":"https:\/\/proinertial.com\/en\/wp-json\/wp\/v2\/pages"}],"about":[{"href":"https:\/\/proinertial.com\/en\/wp-json\/wp\/v2\/types\/page"}],"author":[{"embeddable":true,"href":"https:\/\/proinertial.com\/en\/wp-json\/wp\/v2\/users\/1"}],"replies":[{"embeddable":true,"href":"https:\/\/proinertial.com\/en\/wp-json\/wp\/v2\/comments?post=783"}],"version-history":[{"count":8,"href":"https:\/\/proinertial.com\/en\/wp-json\/wp\/v2\/pages\/783\/revisions"}],"predecessor-version":[{"id":2624,"href":"https:\/\/proinertial.com\/en\/wp-json\/wp\/v2\/pages\/783\/revisions\/2624"}],"wp:attachment":[{"href":"https:\/\/proinertial.com\/en\/wp-json\/wp\/v2\/media?parent=783"}],"curies":[{"name":"wp","href":"https:\/\/api.w.org\/{rel}","templated":true}]}}