{"id":807,"date":"2020-11-10T13:57:14","date_gmt":"2020-11-10T13:57:14","guid":{"rendered":"https:\/\/proinertial.com\/politica-privacidad\/"},"modified":"2020-12-03T16:18:47","modified_gmt":"2020-12-03T16:18:47","slug":"privacy-policy","status":"publish","type":"page","link":"https:\/\/proinertial.com\/en\/privacy-policy\/","title":{"rendered":"Privacy Policy"},"content":{"rendered":"<p>[et_pb_section fb_built=&#8221;1&#8243; _builder_version=&#8221;3.22&#8243;][et_pb_row _builder_version=&#8221;3.25&#8243; background_size=&#8221;initial&#8221; background_position=&#8221;top_left&#8221; background_repeat=&#8221;repeat&#8221;][et_pb_column type=&#8221;4_4&#8243; _builder_version=&#8221;3.25&#8243; custom_padding=&#8221;|||&#8221; custom_padding__hover=&#8221;|||&#8221;][et_pb_text _builder_version=&#8221;4.7.4&#8243; _module_preset=&#8221;default&#8221; hover_enabled=&#8221;0&#8243; text_orientation=&#8221;justified&#8221; sticky_enabled=&#8221;0&#8243;]<\/p>\n<h1 style=\"text-align: center;\">Privacy Policy<\/h1>\n<p>&nbsp;<\/p>\n<p style=\"text-align: justify;\">INERTIAL SYSTEMS, S.L., located at Urb. Costamar, Ctra. N-II, Km. 642, Esc 5, 4\u00aa, 08349 Cabrera de Mar (Barcelona) and with e-mail address info@proinertial.com (from now on, INERTIAL SYSTEMS), informs with this notice the users about its personal data protection policy (from now on, Personal Data) so that the Users determine freely and voluntarily if they wish to provide INERTIAL SYSTEMS with the Personal Data that may be required or that may be obtained from the users on the occasion of the acquisition of our products, consultation by e-mail, registration, or use of the services offered (hereinafter Services) by INERTIAL SYSTEMS in proinertial. com (from now on, proinertial.com).<\/p>\n<p>INERTIAL SYSTEMS reserves the right to modify the present policy to adapt it to new legislation or jurisprudence as well as to practices of the industry. In such cases, INERTIAL SYSTEMS will announce on this page the changes introduced with reasonable advance of their implementation.<\/p>\n<p>For the purposes of the provisions of Law 15\/1999, of December 13, Protection of Personal Data, INERTIAL SYSTEMS informs the User of the existence of an automated file of personal data created by and for INERTIAL SYSTEMS, in order to perform the maintenance, management, and information of users who use the services of INERTIAL SYSTEMS. This file is registered in the General Register of Personal Data Protection of the Spanish Agency of Data Protection.<\/p>\n<p>INERTIAL SYSTEMS undertakes to comply with its obligation of secrecy of personal data and its duty to protect them, and has adopted the necessary measures to prevent their alteration, loss, or unauthorized access, in accordance with the provisions of the Regulation on Security Measures for automated files containing personal data, approved by Royal Decree 994\/1999 of July 11. The rights of access, rectification, opposition and cancellation may be exercised by the User and, where appropriate, his or her representative.<\/p>\n<p>The User will navigate through proinertial.com without giving any personal information and remaining anonymous during his visit.<\/p>\n<p>The use of proinertial.com by you, indicates the knowledge and acceptance of these terms, as well as any other text exposed in any section of proinertial.com.<\/p>\n<p>[\/et_pb_text][\/et_pb_column][\/et_pb_row][\/et_pb_section]<\/p>\n","protected":false},"excerpt":{"rendered":"<p>Privacy Policy &nbsp; INERTIAL SYSTEMS, S.L., located at Urb. Costamar, Ctra. N-II, Km. 642, Esc 5, 4\u00aa, 08349 Cabrera de Mar (Barcelona) and with e-mail address info@proinertial.com (from now on, INERTIAL SYSTEMS), informs with this notice the users about its personal data protection policy (from now on, Personal Data) so that the Users determine freely [&hellip;]<\/p>\n","protected":false},"author":1,"featured_media":0,"parent":0,"menu_order":0,"comment_status":"closed","ping_status":"open","template":"","meta":{"_et_pb_use_builder":"on","_et_pb_old_content":"<!-- wp:heading -->\n<h2>Qui\u00e9nes somos<\/h2>\n<!-- \/wp:heading -->\n\n<!-- wp:paragraph -->\n<p>La direcci\u00f3n de nuestra web es: https:\/\/proinertial.com.<\/p>\n<!-- \/wp:paragraph -->\n\n<!-- wp:heading -->\n<h2>Qu\u00e9 datos personales recogemos y por qu\u00e9 los recogemos<\/h2>\n<!-- \/wp:heading -->\n\n<!-- wp:heading {\"level\":3} -->\n<h3>Comentarios<\/h3>\n<!-- \/wp:heading -->\n\n<!-- wp:paragraph -->\n<p>Cuando los visitantes dejan comentarios en la web, recopilamos los datos que se muestran en el formulario de comentarios, as\u00ed como la direcci\u00f3n IP del visitante y la cadena de agentes de usuario del navegador para ayudar a la detecci\u00f3n de spam.<\/p>\n<!-- \/wp:paragraph -->\n\n<!-- wp:paragraph -->\n<p>Una cadena an\u00f3nima creada a partir de tu direcci\u00f3n de correo electr\u00f3nico (tambi\u00e9n llamada hash) puede ser proporcionada al servicio de Gravatar para ver si la est\u00e1s usando. La pol\u00edtica de privacidad del servicio Gravatar est\u00e1 disponible aqu\u00ed: https:\/\/automattic.com\/privacy\/. Despu\u00e9s de la aprobaci\u00f3n de tu comentario, la imagen de tu perfil es visible para el p\u00fablico en el contexto de tu comentario.<\/p>\n<!-- \/wp:paragraph -->\n\n<!-- wp:heading {\"level\":3} -->\n<h3>Medios<\/h3>\n<!-- \/wp:heading -->\n\n<!-- wp:paragraph -->\n<p>Si subes im\u00e1genes a la web, deber\u00edas evitar subir im\u00e1genes con datos de ubicaci\u00f3n (GPS EXIF) incluidos. Los visitantes de la web pueden descargar y extraer cualquier dato de ubicaci\u00f3n de las im\u00e1genes de la web.<\/p>\n<!-- \/wp:paragraph -->\n\n<!-- wp:heading {\"level\":3} -->\n<h3>Formularios de contacto<\/h3>\n<!-- \/wp:heading -->\n\n<!-- wp:heading {\"level\":3} -->\n<h3>Cookies<\/h3>\n<!-- \/wp:heading -->\n\n<!-- wp:paragraph -->\n<p>Si dejas un comentario en nuestro sitio puedes elegir guardar tu nombre, direcci\u00f3n de correo electr\u00f3nico y web en cookies. Esto es para tu comodidad, para que no tengas que volver a rellenar tus datos cuando dejes otro comentario. Estas cookies tendr\u00e1n una duraci\u00f3n de un a\u00f1o.<\/p>\n<!-- \/wp:paragraph -->\n\n<!-- wp:paragraph -->\n<p>Si tienes una cuenta y te conectas a este sitio, instalaremos una cookie temporal para determinar si tu navegador acepta cookies. Esta cookie no contiene datos personales y se elimina al cerrar el navegador.<\/p>\n<!-- \/wp:paragraph -->\n\n<!-- wp:paragraph -->\n<p>Cuando accedas, tambi\u00e9n instalaremos varias cookies para guardar tu informaci\u00f3n de acceso y tus opciones de visualizaci\u00f3n de pantalla. Las cookies de acceso duran dos d\u00edas, y las cookies de opciones de pantalla duran un a\u00f1o. Si seleccionas \u00abRecu\u00e9rdarme\u00bb, tu acceso perdurar\u00e1 durante dos semanas. Si sales de tu cuenta, las cookies de acceso se eliminar\u00e1n.<\/p>\n<!-- \/wp:paragraph -->\n\n<!-- wp:paragraph -->\n<p>Si editas o publicas un art\u00edculo se guardar\u00e1 una cookie adicional en tu navegador. Esta cookie no incluye datos personales y simplemente indica el ID del art\u00edculo que acabas de editar. Caduca despu\u00e9s de 1 d\u00eda.<\/p>\n<!-- \/wp:paragraph -->\n\n<!-- wp:heading {\"level\":3} -->\n<h3>Contenido incrustado de otros sitios web<\/h3>\n<!-- \/wp:heading -->\n\n<!-- wp:paragraph -->\n<p>Los art\u00edculos de este sitio pueden incluir contenido incrustado (por ejemplo, v\u00eddeos, im\u00e1genes, art\u00edculos, etc.). El contenido incrustado de otras webs se comporta exactamente de la misma manera que si el visitante hubiera visitado la otra web.<\/p>\n<!-- \/wp:paragraph -->\n\n<!-- wp:paragraph -->\n<p>Estas web pueden recopilar datos sobre ti, utilizar cookies, incrustar un seguimiento adicional de terceros, y supervisar tu interacci\u00f3n con ese contenido incrustado, incluido el seguimiento de tu interacci\u00f3n con el contenido incrustado si tienes una cuenta y est\u00e1s conectado a esa web.<\/p>\n<!-- \/wp:paragraph -->\n\n<!-- wp:heading {\"level\":3} -->\n<h3>Anal\u00edtica<\/h3>\n<!-- \/wp:heading -->\n\n<!-- wp:heading -->\n<h2>Con qui\u00e9n compartimos tus datos<\/h2>\n<!-- \/wp:heading -->\n\n<!-- wp:heading -->\n<h2>Cu\u00e1nto tiempo conservamos tus datos<\/h2>\n<!-- \/wp:heading -->\n\n<!-- wp:paragraph -->\n<p>Si dejas un comentario, el comentario y sus metadatos se conservan indefinidamente. Esto es para que podamos reconocer y aprobar comentarios sucesivos autom\u00e1ticamente, en lugar de mantenerlos en una cola de moderaci\u00f3n.<\/p>\n<!-- \/wp:paragraph -->\n\n<!-- wp:paragraph -->\n<p>De los usuarios que se registran en nuestra web (si los hay), tambi\u00e9n almacenamos la informaci\u00f3n personal que proporcionan en su perfil de usuario. Todos los usuarios pueden ver, editar o eliminar su informaci\u00f3n personal en cualquier momento (excepto que no pueden cambiar su nombre de usuario). Los administradores de la web tambi\u00e9n pueden ver y editar esa informaci\u00f3n.<\/p>\n<!-- \/wp:paragraph -->\n\n<!-- wp:heading -->\n<h2>Qu\u00e9 derechos tienes sobre tus datos<\/h2>\n<!-- \/wp:heading -->\n\n<!-- wp:paragraph -->\n<p>Si tienes una cuenta o has dejado comentarios en esta web, puedes solicitar recibir un archivo de exportaci\u00f3n de los datos personales que tenemos sobre ti, incluyendo cualquier dato que nos hayas proporcionado. Tambi\u00e9n puedes solicitar que eliminemos cualquier dato personal que tengamos sobre ti. Esto no incluye ning\u00fan dato que estemos obligados a conservar con fines administrativos, legales o de seguridad.<\/p>\n<!-- \/wp:paragraph -->\n\n<!-- wp:heading -->\n<h2>D\u00f3nde enviamos tus datos<\/h2>\n<!-- \/wp:heading -->\n\n<!-- wp:paragraph -->\n<p>Los comentarios de los visitantes puede que los revise un servicio de detecci\u00f3n autom\u00e1tica de spam.<\/p>\n<!-- \/wp:paragraph -->\n\n<!-- wp:heading -->\n<h2>Tu informaci\u00f3n de contacto<\/h2>\n<!-- \/wp:heading -->\n\n<!-- wp:heading -->\n<h2>Informaci\u00f3n adicional<\/h2>\n<!-- \/wp:heading -->\n\n<!-- wp:heading {\"level\":3} -->\n<h3>C\u00f3mo protegemos tus datos<\/h3>\n<!-- \/wp:heading -->\n\n<!-- wp:heading {\"level\":3} -->\n<h3>Qu\u00e9 procedimientos utilizamos contra las brechas de datos<\/h3>\n<!-- \/wp:heading -->\n\n<!-- wp:heading {\"level\":3} -->\n<h3>De qu\u00e9 terceros recibimos datos<\/h3>\n<!-- \/wp:heading -->\n\n<!-- wp:heading {\"level\":3} -->\n<h3>Qu\u00e9 tipo de toma de decisiones automatizada y\/o perfilado hacemos con los datos del usuario<\/h3>\n<!-- \/wp:heading -->\n\n<!-- wp:heading {\"level\":3} -->\n<h3>Requerimientos regulatorios de revelaci\u00f3n de informaci\u00f3n del sector<\/h3>\n<!-- \/wp:heading -->","_et_gb_content_width":"","footnotes":""},"yoast_head":"<!-- This site is optimized with the Yoast SEO plugin v22.9 - https:\/\/yoast.com\/wordpress\/plugins\/seo\/ -->\n<title>Privacy Policy - Proinertial. M\u00e1quinas inerciales. Entrenamiento exc\u00e9ntrico. Fabricante<\/title>\n<meta name=\"robots\" content=\"index, follow, max-snippet:-1, max-image-preview:large, max-video-preview:-1\" \/>\n<link rel=\"canonical\" href=\"https:\/\/proinertial.com\/en\/privacy-policy\/\" \/>\n<meta property=\"og:locale\" content=\"en_US\" \/>\n<meta property=\"og:type\" content=\"article\" \/>\n<meta property=\"og:title\" content=\"Privacy Policy - Proinertial. M\u00e1quinas inerciales. Entrenamiento exc\u00e9ntrico. Fabricante\" \/>\n<meta property=\"og:description\" content=\"Privacy Policy &nbsp; INERTIAL SYSTEMS, S.L., located at Urb. Costamar, Ctra. N-II, Km. 642, Esc 5, 4\u00aa, 08349 Cabrera de Mar (Barcelona) and with e-mail address info@proinertial.com (from now on, INERTIAL SYSTEMS), informs with this notice the users about its personal data protection policy (from now on, Personal Data) so that the Users determine freely [&hellip;]\" \/>\n<meta property=\"og:url\" content=\"https:\/\/proinertial.com\/en\/privacy-policy\/\" \/>\n<meta property=\"og:site_name\" content=\"Proinertial. M\u00e1quinas inerciales. Entrenamiento exc\u00e9ntrico. Fabricante\" \/>\n<meta property=\"article:modified_time\" content=\"2020-12-03T16:18:47+00:00\" \/>\n<meta name=\"twitter:card\" content=\"summary_large_image\" \/>\n<meta name=\"twitter:label1\" content=\"Est. reading time\" \/>\n\t<meta name=\"twitter:data1\" content=\"2 minutes\" \/>\n<script type=\"application\/ld+json\" class=\"yoast-schema-graph\">{\"@context\":\"https:\/\/schema.org\",\"@graph\":[{\"@type\":\"WebPage\",\"@id\":\"https:\/\/proinertial.com\/en\/privacy-policy\/\",\"url\":\"https:\/\/proinertial.com\/en\/privacy-policy\/\",\"name\":\"Privacy Policy - Proinertial. M\u00e1quinas inerciales. Entrenamiento exc\u00e9ntrico. Fabricante\",\"isPartOf\":{\"@id\":\"https:\/\/proinertial.com\/#website\"},\"datePublished\":\"2020-11-10T13:57:14+00:00\",\"dateModified\":\"2020-12-03T16:18:47+00:00\",\"breadcrumb\":{\"@id\":\"https:\/\/proinertial.com\/en\/privacy-policy\/#breadcrumb\"},\"inLanguage\":\"en-US\",\"potentialAction\":[{\"@type\":\"ReadAction\",\"target\":[\"https:\/\/proinertial.com\/en\/privacy-policy\/\"]}]},{\"@type\":\"BreadcrumbList\",\"@id\":\"https:\/\/proinertial.com\/en\/privacy-policy\/#breadcrumb\",\"itemListElement\":[{\"@type\":\"ListItem\",\"position\":1,\"name\":\"Portada\",\"item\":\"https:\/\/proinertial.com\/\"},{\"@type\":\"ListItem\",\"position\":2,\"name\":\"Privacy Policy\"}]},{\"@type\":\"WebSite\",\"@id\":\"https:\/\/proinertial.com\/#website\",\"url\":\"https:\/\/proinertial.com\/\",\"name\":\"Proinertial. M\u00e1quinas inerciales. Entrenamiento exc\u00e9ntrico. Fabricante\",\"description\":\"Desarrollamos maquinaria inercial para ejercicios de resistencia con entrenamiento exc\u00e9ntrico. Equipos de disco inercial flywheel, polea c\u00f3nica, leg curl\/press.\",\"potentialAction\":[{\"@type\":\"SearchAction\",\"target\":{\"@type\":\"EntryPoint\",\"urlTemplate\":\"https:\/\/proinertial.com\/?s={search_term_string}\"},\"query-input\":\"required name=search_term_string\"}],\"inLanguage\":\"en-US\"}]}<\/script>\n<!-- \/ Yoast SEO plugin. -->","yoast_head_json":{"title":"Privacy Policy - Proinertial. M\u00e1quinas inerciales. Entrenamiento exc\u00e9ntrico. Fabricante","robots":{"index":"index","follow":"follow","max-snippet":"max-snippet:-1","max-image-preview":"max-image-preview:large","max-video-preview":"max-video-preview:-1"},"canonical":"https:\/\/proinertial.com\/en\/privacy-policy\/","og_locale":"en_US","og_type":"article","og_title":"Privacy Policy - Proinertial. M\u00e1quinas inerciales. Entrenamiento exc\u00e9ntrico. Fabricante","og_description":"Privacy Policy &nbsp; INERTIAL SYSTEMS, S.L., located at Urb. Costamar, Ctra. N-II, Km. 642, Esc 5, 4\u00aa, 08349 Cabrera de Mar (Barcelona) and with e-mail address info@proinertial.com (from now on, INERTIAL SYSTEMS), informs with this notice the users about its personal data protection policy (from now on, Personal Data) so that the Users determine freely [&hellip;]","og_url":"https:\/\/proinertial.com\/en\/privacy-policy\/","og_site_name":"Proinertial. M\u00e1quinas inerciales. Entrenamiento exc\u00e9ntrico. Fabricante","article_modified_time":"2020-12-03T16:18:47+00:00","twitter_card":"summary_large_image","twitter_misc":{"Est. reading time":"2 minutes"},"schema":{"@context":"https:\/\/schema.org","@graph":[{"@type":"WebPage","@id":"https:\/\/proinertial.com\/en\/privacy-policy\/","url":"https:\/\/proinertial.com\/en\/privacy-policy\/","name":"Privacy Policy - Proinertial. M\u00e1quinas inerciales. Entrenamiento exc\u00e9ntrico. Fabricante","isPartOf":{"@id":"https:\/\/proinertial.com\/#website"},"datePublished":"2020-11-10T13:57:14+00:00","dateModified":"2020-12-03T16:18:47+00:00","breadcrumb":{"@id":"https:\/\/proinertial.com\/en\/privacy-policy\/#breadcrumb"},"inLanguage":"en-US","potentialAction":[{"@type":"ReadAction","target":["https:\/\/proinertial.com\/en\/privacy-policy\/"]}]},{"@type":"BreadcrumbList","@id":"https:\/\/proinertial.com\/en\/privacy-policy\/#breadcrumb","itemListElement":[{"@type":"ListItem","position":1,"name":"Portada","item":"https:\/\/proinertial.com\/"},{"@type":"ListItem","position":2,"name":"Privacy Policy"}]},{"@type":"WebSite","@id":"https:\/\/proinertial.com\/#website","url":"https:\/\/proinertial.com\/","name":"Proinertial. M\u00e1quinas inerciales. Entrenamiento exc\u00e9ntrico. Fabricante","description":"Desarrollamos maquinaria inercial para ejercicios de resistencia con entrenamiento exc\u00e9ntrico. Equipos de disco inercial flywheel, polea c\u00f3nica, leg curl\/press.","potentialAction":[{"@type":"SearchAction","target":{"@type":"EntryPoint","urlTemplate":"https:\/\/proinertial.com\/?s={search_term_string}"},"query-input":"required name=search_term_string"}],"inLanguage":"en-US"}]}},"_links":{"self":[{"href":"https:\/\/proinertial.com\/en\/wp-json\/wp\/v2\/pages\/807"}],"collection":[{"href":"https:\/\/proinertial.com\/en\/wp-json\/wp\/v2\/pages"}],"about":[{"href":"https:\/\/proinertial.com\/en\/wp-json\/wp\/v2\/types\/page"}],"author":[{"embeddable":true,"href":"https:\/\/proinertial.com\/en\/wp-json\/wp\/v2\/users\/1"}],"replies":[{"embeddable":true,"href":"https:\/\/proinertial.com\/en\/wp-json\/wp\/v2\/comments?post=807"}],"version-history":[{"count":4,"href":"https:\/\/proinertial.com\/en\/wp-json\/wp\/v2\/pages\/807\/revisions"}],"predecessor-version":[{"id":1106,"href":"https:\/\/proinertial.com\/en\/wp-json\/wp\/v2\/pages\/807\/revisions\/1106"}],"wp:attachment":[{"href":"https:\/\/proinertial.com\/en\/wp-json\/wp\/v2\/media?parent=807"}],"curies":[{"name":"wp","href":"https:\/\/api.w.org\/{rel}","templated":true}]}}