{"id":810,"date":"2020-11-24T12:36:07","date_gmt":"2020-11-24T12:36:07","guid":{"rendered":"https:\/\/proinertial.com\/aviso-legal\/"},"modified":"2020-12-03T16:24:04","modified_gmt":"2020-12-03T16:24:04","slug":"legal-notice","status":"publish","type":"page","link":"https:\/\/proinertial.com\/en\/legal-notice\/","title":{"rendered":"Legal notice"},"content":{"rendered":"<p>[et_pb_section fb_built=&#8221;1&#8243; _builder_version=&#8221;3.22&#8243;][et_pb_row _builder_version=&#8221;3.25&#8243; background_size=&#8221;initial&#8221; background_position=&#8221;top_left&#8221; background_repeat=&#8221;repeat&#8221;][et_pb_column type=&#8221;4_4&#8243; _builder_version=&#8221;3.25&#8243; custom_padding=&#8221;|||&#8221; custom_padding__hover=&#8221;|||&#8221;][et_pb_text _builder_version=&#8221;4.7.4&#8243; _module_preset=&#8221;default&#8221; hover_enabled=&#8221;0&#8243; text_orientation=&#8221;justified&#8221; sticky_enabled=&#8221;0&#8243;]<\/p>\n<h1 style=\"text-align: center;\">Legal notice<\/h1>\n<p>&nbsp;<\/p>\n<p style=\"text-align: justify;\">\n<p>This website is owned by:<\/p>\n<p><strong>INERTIAL SYSTEMS, S.L.<\/strong><\/p>\n<p><strong>Urb. Costamar, Ctra. N-II, Km. 642, Esc 5, 4\u00aa<\/strong><br \/><strong>08349 Cabrera de Mar (Barcelona)<\/strong><\/p>\n<p><strong>C.I.F.: B-66719246<\/strong><br \/><strong>Email: info@proinertial.com<\/strong><\/p>\n<p><strong>DATA PROTECTION<\/strong><\/p>\n<p>In accordance with the provisions of Law 15\/1999, of December 13, Protection of Personal Data, we inform you that the data you provide through this website will be incorporated into a file duly registered with the Register of the Spanish Agency for Data Protection, and will be used for the sole purpose of managing the provision of goods and \/ or services offered by Inertial Systems, SL, in the field of its activity through this website.<\/p>\n<p>In the case of application for registration through the forms contained in this website, it will be mandatory to provide the fields required in each of the sections. If these minimum compulsory fields are not filled in, the system will prevent the form from being sent and a warning screen will appear asking you to provide these compulsory details.<\/p>\n<p>With the completion of these forms and the sending of contact communications via e-mail, the user gives his consent to the processing of his data by Inertial Systems, S.L. for the purposes outlined in the preceding paragraphs as well as, where appropriate, to receive commercial communications relating solely to products and \/ or services offered by the owner of this website, made via email, or equivalent means.<\/p>\n<p>It is reported that information could also be obtained, anonymously, referring to the screens visited by users, the time spent on the website, as well as the downloads made, for the sole purpose of statistics, which allow improvements to be made to the services provided and basic administration tasks to be carried out. Although no other type of data on navigation is collected, only the &#8216;cookies&#8217; necessary to keep the user&#8217;s session active are installed on their computer in order to allow access to the restricted contents of the website.<\/p>\n<p>Access to this website implies the use of cookies whose consent must be given in the welcome form before accessing our website. These cookies will be used to facilitate the online purchase process of the products or services offered. The cookies used cannot read the cookie files created by other suppliers. The user has the possibility of configuring his\/her browser to be warned on screen of the reception of cookies and to prevent the installation of cookies on his\/her hard disk. To do this, the user must consult the instructions and manuals of their browser for further information. No cookie allows information to be extracted from the user&#8217;s hard drive or access to personal information. They simply associate the browser of a given computer with an anonymous code. The only way for a user&#8217;s private information to become part of a cookie file is for the user to personally give that information to the server.<\/p>\n<p>You can exercise your rights of access, rectification, cancellation and opposition before Inertial Systems, S.L. by sending your request to Urb Costamar, Ctra. N-II, Km. 642, Esc 5, 4\u00aa, 08349 Cabrera de Mar (Barcelona) or through the e-mail info@proinertial.com com. The application must contain the name, surname(s) of the interested party, a photocopy of the ID card, passport or other valid document that identifies him\/her and, if applicable, the person representing him\/her, as well as a document proving the representation, the request in which the application is specified, the address for the purposes of notifications, the date and signature of the applicant and documents proving the request made. If the application does not meet the specified requirements, it will be required to be rectified. With regard to the right of access, it shall only be refused when it is exercised within an interval of less than twelve months and no legitimate interest is demonstrated to that effect, as well as when the request is made by a person other than the person concerned.<\/p>\n<p>Requests for the exercise of the right of cancellation may not be attended to while there is a contractual or business relationship with the owner of this website. Notwithstanding the above, you may oppose the processing of your data for the purpose of sending commercial or advertising information.<\/p>\n<p>In compliance with Article 49 of Royal Decree 1720\/2007, of 21 December, which approves the Regulation implementing Organic Law 15\/1999, of 13 December, on the protection of personal data, we inform users who have expressed their opposition to their data being processed for commercial or advertising purposes by the owner of this website of the existence of a common file for general exclusion, called Robinson Lists Service and managed by the Federation of Electronic Commerce and Direct Marketing, whose identification data are found at www. adigital.org, where the affected person can request his\/her exclusion in order not to receive advertising communications.<\/p>\n<p>The holder of the present web site has adopted the necessary technical and organizational measures to guarantee the safety of the data and to avoid its alteration, loss, treatment or not authorized access, taking into account the state of the technology, the nature of the stored data and the risks to which they are exposed, already they come from the human action or from the physical or natural environment.<\/p>\n<p><strong>INTELLECTUAL AND INDUSTRIAL PROPERTY<\/strong><\/p>\n<p>Inertial Systems, S.L. holds all the intellectual and industrial property rights relating to the content and design of its site, except for those brands and\/or logos which are the property of their respective owners.<\/p>\n<p>The total or partial reproduction of this website and any of its contents is expressly prohibited without the express permission of its owner.<\/p>\n<p>[\/et_pb_text][\/et_pb_column][\/et_pb_row][\/et_pb_section]<\/p>\n","protected":false},"excerpt":{"rendered":"<p>Legal notice &nbsp; This website is owned by: INERTIAL SYSTEMS, S.L. Urb. Costamar, Ctra. N-II, Km. 642, Esc 5, 4\u00aa08349 Cabrera de Mar (Barcelona) C.I.F.: B-66719246Email: info@proinertial.com DATA PROTECTION In accordance with the provisions of Law 15\/1999, of December 13, Protection of Personal Data, we inform you that the data you provide through this website [&hellip;]<\/p>\n","protected":false},"author":1,"featured_media":0,"parent":0,"menu_order":0,"comment_status":"closed","ping_status":"open","template":"","meta":{"_et_pb_use_builder":"on","_et_pb_old_content":"<!-- wp:heading -->\n<h2>Qui\u00e9nes somos<\/h2>\n<!-- \/wp:heading -->\n\n<!-- wp:paragraph -->\n<p>La direcci\u00f3n de nuestra web es: https:\/\/proinertial.com.<\/p>\n<!-- \/wp:paragraph -->\n\n<!-- wp:heading -->\n<h2>Qu\u00e9 datos personales recogemos y por qu\u00e9 los recogemos<\/h2>\n<!-- \/wp:heading -->\n\n<!-- wp:heading {\"level\":3} -->\n<h3>Comentarios<\/h3>\n<!-- \/wp:heading -->\n\n<!-- wp:paragraph -->\n<p>Cuando los visitantes dejan comentarios en la web, recopilamos los datos que se muestran en el formulario de comentarios, as\u00ed como la direcci\u00f3n IP del visitante y la cadena de agentes de usuario del navegador para ayudar a la detecci\u00f3n de spam.<\/p>\n<!-- \/wp:paragraph -->\n\n<!-- wp:paragraph -->\n<p>Una cadena an\u00f3nima creada a partir de tu direcci\u00f3n de correo electr\u00f3nico (tambi\u00e9n llamada hash) puede ser proporcionada al servicio de Gravatar para ver si la est\u00e1s usando. La pol\u00edtica de privacidad del servicio Gravatar est\u00e1 disponible aqu\u00ed: https:\/\/automattic.com\/privacy\/. Despu\u00e9s de la aprobaci\u00f3n de tu comentario, la imagen de tu perfil es visible para el p\u00fablico en el contexto de tu comentario.<\/p>\n<!-- \/wp:paragraph -->\n\n<!-- wp:heading {\"level\":3} -->\n<h3>Medios<\/h3>\n<!-- \/wp:heading -->\n\n<!-- wp:paragraph -->\n<p>Si subes im\u00e1genes a la web, deber\u00edas evitar subir im\u00e1genes con datos de ubicaci\u00f3n (GPS EXIF) incluidos. Los visitantes de la web pueden descargar y extraer cualquier dato de ubicaci\u00f3n de las im\u00e1genes de la web.<\/p>\n<!-- \/wp:paragraph -->\n\n<!-- wp:heading {\"level\":3} -->\n<h3>Formularios de contacto<\/h3>\n<!-- \/wp:heading -->\n\n<!-- wp:heading {\"level\":3} -->\n<h3>Cookies<\/h3>\n<!-- \/wp:heading -->\n\n<!-- wp:paragraph -->\n<p>Si dejas un comentario en nuestro sitio puedes elegir guardar tu nombre, direcci\u00f3n de correo electr\u00f3nico y web en cookies. Esto es para tu comodidad, para que no tengas que volver a rellenar tus datos cuando dejes otro comentario. Estas cookies tendr\u00e1n una duraci\u00f3n de un a\u00f1o.<\/p>\n<!-- \/wp:paragraph -->\n\n<!-- wp:paragraph -->\n<p>Si tienes una cuenta y te conectas a este sitio, instalaremos una cookie temporal para determinar si tu navegador acepta cookies. Esta cookie no contiene datos personales y se elimina al cerrar el navegador.<\/p>\n<!-- \/wp:paragraph -->\n\n<!-- wp:paragraph -->\n<p>Cuando accedas, tambi\u00e9n instalaremos varias cookies para guardar tu informaci\u00f3n de acceso y tus opciones de visualizaci\u00f3n de pantalla. Las cookies de acceso duran dos d\u00edas, y las cookies de opciones de pantalla duran un a\u00f1o. Si seleccionas \u00abRecu\u00e9rdarme\u00bb, tu acceso perdurar\u00e1 durante dos semanas. Si sales de tu cuenta, las cookies de acceso se eliminar\u00e1n.<\/p>\n<!-- \/wp:paragraph -->\n\n<!-- wp:paragraph -->\n<p>Si editas o publicas un art\u00edculo se guardar\u00e1 una cookie adicional en tu navegador. Esta cookie no incluye datos personales y simplemente indica el ID del art\u00edculo que acabas de editar. Caduca despu\u00e9s de 1 d\u00eda.<\/p>\n<!-- \/wp:paragraph -->\n\n<!-- wp:heading {\"level\":3} -->\n<h3>Contenido incrustado de otros sitios web<\/h3>\n<!-- \/wp:heading -->\n\n<!-- wp:paragraph -->\n<p>Los art\u00edculos de este sitio pueden incluir contenido incrustado (por ejemplo, v\u00eddeos, im\u00e1genes, art\u00edculos, etc.). El contenido incrustado de otras webs se comporta exactamente de la misma manera que si el visitante hubiera visitado la otra web.<\/p>\n<!-- \/wp:paragraph -->\n\n<!-- wp:paragraph -->\n<p>Estas web pueden recopilar datos sobre ti, utilizar cookies, incrustar un seguimiento adicional de terceros, y supervisar tu interacci\u00f3n con ese contenido incrustado, incluido el seguimiento de tu interacci\u00f3n con el contenido incrustado si tienes una cuenta y est\u00e1s conectado a esa web.<\/p>\n<!-- \/wp:paragraph -->\n\n<!-- wp:heading {\"level\":3} -->\n<h3>Anal\u00edtica<\/h3>\n<!-- \/wp:heading -->\n\n<!-- wp:heading -->\n<h2>Con qui\u00e9n compartimos tus datos<\/h2>\n<!-- \/wp:heading -->\n\n<!-- wp:heading -->\n<h2>Cu\u00e1nto tiempo conservamos tus datos<\/h2>\n<!-- \/wp:heading -->\n\n<!-- wp:paragraph -->\n<p>Si dejas un comentario, el comentario y sus metadatos se conservan indefinidamente. Esto es para que podamos reconocer y aprobar comentarios sucesivos autom\u00e1ticamente, en lugar de mantenerlos en una cola de moderaci\u00f3n.<\/p>\n<!-- \/wp:paragraph -->\n\n<!-- wp:paragraph -->\n<p>De los usuarios que se registran en nuestra web (si los hay), tambi\u00e9n almacenamos la informaci\u00f3n personal que proporcionan en su perfil de usuario. Todos los usuarios pueden ver, editar o eliminar su informaci\u00f3n personal en cualquier momento (excepto que no pueden cambiar su nombre de usuario). Los administradores de la web tambi\u00e9n pueden ver y editar esa informaci\u00f3n.<\/p>\n<!-- \/wp:paragraph -->\n\n<!-- wp:heading -->\n<h2>Qu\u00e9 derechos tienes sobre tus datos<\/h2>\n<!-- \/wp:heading -->\n\n<!-- wp:paragraph -->\n<p>Si tienes una cuenta o has dejado comentarios en esta web, puedes solicitar recibir un archivo de exportaci\u00f3n de los datos personales que tenemos sobre ti, incluyendo cualquier dato que nos hayas proporcionado. Tambi\u00e9n puedes solicitar que eliminemos cualquier dato personal que tengamos sobre ti. Esto no incluye ning\u00fan dato que estemos obligados a conservar con fines administrativos, legales o de seguridad.<\/p>\n<!-- \/wp:paragraph -->\n\n<!-- wp:heading -->\n<h2>D\u00f3nde enviamos tus datos<\/h2>\n<!-- \/wp:heading -->\n\n<!-- wp:paragraph -->\n<p>Los comentarios de los visitantes puede que los revise un servicio de detecci\u00f3n autom\u00e1tica de spam.<\/p>\n<!-- \/wp:paragraph -->\n\n<!-- wp:heading -->\n<h2>Tu informaci\u00f3n de contacto<\/h2>\n<!-- \/wp:heading -->\n\n<!-- wp:heading -->\n<h2>Informaci\u00f3n adicional<\/h2>\n<!-- \/wp:heading -->\n\n<!-- wp:heading {\"level\":3} -->\n<h3>C\u00f3mo protegemos tus datos<\/h3>\n<!-- \/wp:heading -->\n\n<!-- wp:heading {\"level\":3} -->\n<h3>Qu\u00e9 procedimientos utilizamos contra las brechas de datos<\/h3>\n<!-- \/wp:heading -->\n\n<!-- wp:heading {\"level\":3} -->\n<h3>De qu\u00e9 terceros recibimos datos<\/h3>\n<!-- \/wp:heading -->\n\n<!-- wp:heading {\"level\":3} -->\n<h3>Qu\u00e9 tipo de toma de decisiones automatizada y\/o perfilado hacemos con los datos del usuario<\/h3>\n<!-- \/wp:heading -->\n\n<!-- wp:heading {\"level\":3} -->\n<h3>Requerimientos regulatorios de revelaci\u00f3n de informaci\u00f3n del sector<\/h3>\n<!-- \/wp:heading -->","_et_gb_content_width":"","footnotes":""},"yoast_head":"<!-- This site is optimized with the Yoast SEO plugin v22.9 - https:\/\/yoast.com\/wordpress\/plugins\/seo\/ -->\n<title>Legal notice - Proinertial. M\u00e1quinas inerciales. Entrenamiento exc\u00e9ntrico. Fabricante<\/title>\n<meta name=\"robots\" content=\"index, follow, max-snippet:-1, max-image-preview:large, max-video-preview:-1\" \/>\n<link rel=\"canonical\" href=\"https:\/\/proinertial.com\/en\/legal-notice\/\" \/>\n<meta property=\"og:locale\" content=\"en_US\" \/>\n<meta property=\"og:type\" content=\"article\" \/>\n<meta property=\"og:title\" content=\"Legal notice - Proinertial. M\u00e1quinas inerciales. Entrenamiento exc\u00e9ntrico. Fabricante\" \/>\n<meta property=\"og:description\" content=\"Legal notice &nbsp; This website is owned by: INERTIAL SYSTEMS, S.L. Urb. Costamar, Ctra. N-II, Km. 642, Esc 5, 4\u00aa08349 Cabrera de Mar (Barcelona) C.I.F.: B-66719246Email: info@proinertial.com DATA PROTECTION In accordance with the provisions of Law 15\/1999, of December 13, Protection of Personal Data, we inform you that the data you provide through this website [&hellip;]\" \/>\n<meta property=\"og:url\" content=\"https:\/\/proinertial.com\/en\/legal-notice\/\" \/>\n<meta property=\"og:site_name\" content=\"Proinertial. M\u00e1quinas inerciales. Entrenamiento exc\u00e9ntrico. Fabricante\" \/>\n<meta property=\"article:modified_time\" content=\"2020-12-03T16:24:04+00:00\" \/>\n<meta name=\"twitter:card\" content=\"summary_large_image\" \/>\n<meta name=\"twitter:label1\" content=\"Est. reading time\" \/>\n\t<meta name=\"twitter:data1\" content=\"5 minutes\" \/>\n<script type=\"application\/ld+json\" class=\"yoast-schema-graph\">{\"@context\":\"https:\/\/schema.org\",\"@graph\":[{\"@type\":\"WebPage\",\"@id\":\"https:\/\/proinertial.com\/en\/legal-notice\/\",\"url\":\"https:\/\/proinertial.com\/en\/legal-notice\/\",\"name\":\"Legal notice - Proinertial. M\u00e1quinas inerciales. Entrenamiento exc\u00e9ntrico. Fabricante\",\"isPartOf\":{\"@id\":\"https:\/\/proinertial.com\/#website\"},\"datePublished\":\"2020-11-24T12:36:07+00:00\",\"dateModified\":\"2020-12-03T16:24:04+00:00\",\"breadcrumb\":{\"@id\":\"https:\/\/proinertial.com\/en\/legal-notice\/#breadcrumb\"},\"inLanguage\":\"en-US\",\"potentialAction\":[{\"@type\":\"ReadAction\",\"target\":[\"https:\/\/proinertial.com\/en\/legal-notice\/\"]}]},{\"@type\":\"BreadcrumbList\",\"@id\":\"https:\/\/proinertial.com\/en\/legal-notice\/#breadcrumb\",\"itemListElement\":[{\"@type\":\"ListItem\",\"position\":1,\"name\":\"Portada\",\"item\":\"https:\/\/proinertial.com\/\"},{\"@type\":\"ListItem\",\"position\":2,\"name\":\"Legal notice\"}]},{\"@type\":\"WebSite\",\"@id\":\"https:\/\/proinertial.com\/#website\",\"url\":\"https:\/\/proinertial.com\/\",\"name\":\"Proinertial. M\u00e1quinas inerciales. Entrenamiento exc\u00e9ntrico. Fabricante\",\"description\":\"Desarrollamos maquinaria inercial para ejercicios de resistencia con entrenamiento exc\u00e9ntrico. Equipos de disco inercial flywheel, polea c\u00f3nica, leg curl\/press.\",\"potentialAction\":[{\"@type\":\"SearchAction\",\"target\":{\"@type\":\"EntryPoint\",\"urlTemplate\":\"https:\/\/proinertial.com\/?s={search_term_string}\"},\"query-input\":\"required name=search_term_string\"}],\"inLanguage\":\"en-US\"}]}<\/script>\n<!-- \/ Yoast SEO plugin. -->","yoast_head_json":{"title":"Legal notice - Proinertial. M\u00e1quinas inerciales. Entrenamiento exc\u00e9ntrico. Fabricante","robots":{"index":"index","follow":"follow","max-snippet":"max-snippet:-1","max-image-preview":"max-image-preview:large","max-video-preview":"max-video-preview:-1"},"canonical":"https:\/\/proinertial.com\/en\/legal-notice\/","og_locale":"en_US","og_type":"article","og_title":"Legal notice - Proinertial. M\u00e1quinas inerciales. Entrenamiento exc\u00e9ntrico. Fabricante","og_description":"Legal notice &nbsp; This website is owned by: INERTIAL SYSTEMS, S.L. Urb. Costamar, Ctra. N-II, Km. 642, Esc 5, 4\u00aa08349 Cabrera de Mar (Barcelona) C.I.F.: B-66719246Email: info@proinertial.com DATA PROTECTION In accordance with the provisions of Law 15\/1999, of December 13, Protection of Personal Data, we inform you that the data you provide through this website [&hellip;]","og_url":"https:\/\/proinertial.com\/en\/legal-notice\/","og_site_name":"Proinertial. M\u00e1quinas inerciales. Entrenamiento exc\u00e9ntrico. Fabricante","article_modified_time":"2020-12-03T16:24:04+00:00","twitter_card":"summary_large_image","twitter_misc":{"Est. reading time":"5 minutes"},"schema":{"@context":"https:\/\/schema.org","@graph":[{"@type":"WebPage","@id":"https:\/\/proinertial.com\/en\/legal-notice\/","url":"https:\/\/proinertial.com\/en\/legal-notice\/","name":"Legal notice - Proinertial. M\u00e1quinas inerciales. Entrenamiento exc\u00e9ntrico. Fabricante","isPartOf":{"@id":"https:\/\/proinertial.com\/#website"},"datePublished":"2020-11-24T12:36:07+00:00","dateModified":"2020-12-03T16:24:04+00:00","breadcrumb":{"@id":"https:\/\/proinertial.com\/en\/legal-notice\/#breadcrumb"},"inLanguage":"en-US","potentialAction":[{"@type":"ReadAction","target":["https:\/\/proinertial.com\/en\/legal-notice\/"]}]},{"@type":"BreadcrumbList","@id":"https:\/\/proinertial.com\/en\/legal-notice\/#breadcrumb","itemListElement":[{"@type":"ListItem","position":1,"name":"Portada","item":"https:\/\/proinertial.com\/"},{"@type":"ListItem","position":2,"name":"Legal notice"}]},{"@type":"WebSite","@id":"https:\/\/proinertial.com\/#website","url":"https:\/\/proinertial.com\/","name":"Proinertial. M\u00e1quinas inerciales. Entrenamiento exc\u00e9ntrico. Fabricante","description":"Desarrollamos maquinaria inercial para ejercicios de resistencia con entrenamiento exc\u00e9ntrico. Equipos de disco inercial flywheel, polea c\u00f3nica, leg curl\/press.","potentialAction":[{"@type":"SearchAction","target":{"@type":"EntryPoint","urlTemplate":"https:\/\/proinertial.com\/?s={search_term_string}"},"query-input":"required name=search_term_string"}],"inLanguage":"en-US"}]}},"_links":{"self":[{"href":"https:\/\/proinertial.com\/en\/wp-json\/wp\/v2\/pages\/810"}],"collection":[{"href":"https:\/\/proinertial.com\/en\/wp-json\/wp\/v2\/pages"}],"about":[{"href":"https:\/\/proinertial.com\/en\/wp-json\/wp\/v2\/types\/page"}],"author":[{"embeddable":true,"href":"https:\/\/proinertial.com\/en\/wp-json\/wp\/v2\/users\/1"}],"replies":[{"embeddable":true,"href":"https:\/\/proinertial.com\/en\/wp-json\/wp\/v2\/comments?post=810"}],"version-history":[{"count":3,"href":"https:\/\/proinertial.com\/en\/wp-json\/wp\/v2\/pages\/810\/revisions"}],"predecessor-version":[{"id":1108,"href":"https:\/\/proinertial.com\/en\/wp-json\/wp\/v2\/pages\/810\/revisions\/1108"}],"wp:attachment":[{"href":"https:\/\/proinertial.com\/en\/wp-json\/wp\/v2\/media?parent=810"}],"curies":[{"name":"wp","href":"https:\/\/api.w.org\/{rel}","templated":true}]}}