{"id":813,"date":"2020-11-24T12:49:56","date_gmt":"2020-11-24T12:49:56","guid":{"rendered":"https:\/\/proinertial.com\/politica-de-cookies\/"},"modified":"2020-12-03T16:33:17","modified_gmt":"2020-12-03T16:33:17","slug":"cookie-policy","status":"publish","type":"page","link":"https:\/\/proinertial.com\/en\/cookie-policy\/","title":{"rendered":"Cookie policy"},"content":{"rendered":"<p>[et_pb_section fb_built=&#8221;1&#8243; _builder_version=&#8221;3.22&#8243;][et_pb_row _builder_version=&#8221;3.25&#8243; background_size=&#8221;initial&#8221; background_position=&#8221;top_left&#8221; background_repeat=&#8221;repeat&#8221;][et_pb_column type=&#8221;4_4&#8243; _builder_version=&#8221;3.25&#8243; custom_padding=&#8221;|||&#8221; custom_padding__hover=&#8221;|||&#8221;][et_pb_text _builder_version=&#8221;4.7.4&#8243; _module_preset=&#8221;default&#8221; hover_enabled=&#8221;0&#8243; sticky_enabled=&#8221;0&#8243;]<\/p>\n<h1 style=\"text-align: center;\">Cookie policy<\/h1>\n<p>&nbsp;<\/p>\n<p>What is a cookie?<\/p>\n<p>A cookie is a harmless text file that is stored in your browser when you visit almost any website. The usefulness of the cookie is that the website will be able to remember your visit when you come back to browse that page. Although many people do not know this, cookies have been used for 20 years, when the first browsers for the World Wide Web appeared.<\/p>\n<p>What IS NOT a cookie?<\/p>\n<p>It is not a virus, a trojan, a worm, a spam, a spyware, or a pop-up window.<\/p>\n<p>What information does a cookie store?<\/p>\n<p>Cookies do not usually store sensitive information about you, such as credit cards or bank details, photographs, your ID or personal information, etc. The data they store is of a technical nature, personal preferences, personalisation of content, etc.<br \/> The web server does not associate you as a person but your web browser. In fact, if you usually browse with Internet Explorer and try to browse the same website with Firefox or Chrome you will see that the website does not realise that you are the same person because it is actually associating the browser, not the person.<\/p>\n<p>What kind of cookies are there?<\/p>\n<ul>\n<li>Technical cookies: These are the most basic and allow, among other things, to know when a human or an automated application is browsing, when an anonymous user and a registered user are browsing, basic tasks for the operation of any dynamic web.<\/li>\n<li>Analysis cookies: They collect information about the type of browsing you are doing, the sections you use most, products consulted, time of use, language, etc.<\/li>\n<li>Advertising cookies: They show advertising according to your navigation, your country of origin, language, etc.<\/li>\n<\/ul>\n<p>What are your own cookies and those of third parties?<\/p>\n<p>Own cookies are those generated by the page you are visiting and third party cookies are those generated by external services or suppliers such as Facebook, Twitter, Google, etc.<\/p>\n<p>What happens if I disable cookies?<\/p>\n<p>To help you understand the extent to which you can disable cookies, here are some examples:<\/p>\n<ul>\n<li>You will not be able to share content from that website on Facebook, Twitter or any other social network.<\/li>\n<li>The website will not be able to adapt the contents to your personal preferences.<\/li>\n<li>You will not be able to access the personal area of this website.<\/li>\n<li>It will not be possible to personalise your geographical preferences such as time zone, currency or language.<\/li>\n<li>The website will not be able to perform web analytics on visitors and web traffic, which will make it difficult for the website to be competitive.<\/li>\n<li>You will not be able to write on the blog, upload photos, post comments, rate or rate content. The website will also not be able to know if you are a human or an automated application that publishes spam.<\/li>\n<li>You will not be able to show sectorised advertising, which will reduce the website&#8217;s advertising income.<\/li>\n<li>All social networks use cookies, if you disable them you will not be able to use any social network.<\/li>\n<\/ul>\n<p>Can cookies be deleted?<\/p>\n<p>Yes, not only can they be deleted, but also blocked, either generally or specifically for a specific domain.<\/p>\n<p>To delete cookies from a website you must go to your browser settings and there you can find the ones associated with the domain in question and proceed to delete them.<\/p>\n<p>Cookies configuration for the most popular browsers<\/p>\n<p>Here&#8217;s how to access a particular Chrome browser cookie. Note: these steps may vary depending on your browser version:<\/p>\n<ol>\n<li>Go to Settings or Preferences via the File menu or by clicking on the customisation icon at the top right.<\/li>\n<li>You will see different sections, click on the option Show advanced options.<\/li>\n<li>Go to Privacy, Content Settings.<\/li>\n<li>Select All Cookies and Site Data.<\/li>\n<li>You will see a list of all cookies sorted by domain. To make it easier for you to find cookies from a particular domain, enter all or part of the address in the Search for Cookies field.<\/li>\n<li>After performing this filter, one or more lines will appear on the screen with the cookies from the requested site. Now you only have to select it and press the X to proceed to its elimination.<\/li>\n<\/ol>\n<p>To access the cookie configuration of the Internet Explorer browser follow these steps (they may vary depending on the version of the browser):<\/p>\n<ol>\n<li>Go to Tools, Internet Options<\/li>\n<li>Click on Privacy.<\/li>\n<li>Move the slider to the desired privacy level.<\/li>\n<\/ol>\n<p>To access the Firefox browser&#8217;s cookie settings follow these steps (they may vary depending on the browser version):<\/p>\n<ol>\n<li>Go to Options or Preferences depending on your operating system.<\/li>\n<li>Click on Privacy.<\/li>\n<li>Under History choose Use custom history settings.<\/li>\n<li>You will now see the option Accept Cookies, you can turn it on or off according to your preferences.<\/li>\n<\/ol>\n<p>To access the cookie settings of the Safari for OSX browser follow these steps (they may vary depending on the version of the browser)<\/p>\n<ol>\n<li>Go to Preferences, then Privacy.<\/li>\n<li>Here you will see the Block Cookies option to set the type of blocking you want to do.<\/li>\n<\/ol>\n<p>To access the cookie settings in the Safari for iOS browser follow these steps (they may vary depending on the version of the browser)<\/p>\n<ol>\n<li>Go to Settings, then Safari.<\/li>\n<li>Go to Privacy &amp; Security, you will see the Block Cookies option to set the type of blocking you want to do.<\/li>\n<\/ol>\n<p>To access your browser&#8217;s cookie settings for Android devices follow these steps (they may vary depending on your browser version):<\/p>\n<ol>\n<li>Run the browser and press the Menu key, then Settings.<\/li>\n<li>Go to Security and Privacy, you will see the option Accept Cookies to check or uncheck the box.<\/li>\n<\/ol>\n<p>To access your browser&#8217;s cookie settings for Windows Phone devices follow these steps (they may vary depending on your browser version):<\/p>\n<ol>\n<li>Open Internet Explorer, then More, then Settings<\/li>\n<li>You can now check or uncheck the Allow Cookies box.<\/li>\n<\/ol>\n<p>[\/et_pb_text][\/et_pb_column][\/et_pb_row][\/et_pb_section]<\/p>\n","protected":false},"excerpt":{"rendered":"<p>Cookie policy &nbsp; What is a cookie? A cookie is a harmless text file that is stored in your browser when you visit almost any website. The usefulness of the cookie is that the website will be able to remember your visit when you come back to browse that page. Although many people do not [&hellip;]<\/p>\n","protected":false},"author":1,"featured_media":0,"parent":0,"menu_order":0,"comment_status":"closed","ping_status":"open","template":"","meta":{"_et_pb_use_builder":"on","_et_pb_old_content":"<!-- wp:heading -->\n<h2>Qui\u00e9nes somos<\/h2>\n<!-- \/wp:heading -->\n\n<!-- wp:paragraph -->\n<p>La direcci\u00f3n de nuestra web es: https:\/\/proinertial.com.<\/p>\n<!-- \/wp:paragraph -->\n\n<!-- wp:heading -->\n<h2>Qu\u00e9 datos personales recogemos y por qu\u00e9 los recogemos<\/h2>\n<!-- \/wp:heading -->\n\n<!-- wp:heading {\"level\":3} -->\n<h3>Comentarios<\/h3>\n<!-- \/wp:heading -->\n\n<!-- wp:paragraph -->\n<p>Cuando los visitantes dejan comentarios en la web, recopilamos los datos que se muestran en el formulario de comentarios, as\u00ed como la direcci\u00f3n IP del visitante y la cadena de agentes de usuario del navegador para ayudar a la detecci\u00f3n de spam.<\/p>\n<!-- \/wp:paragraph -->\n\n<!-- wp:paragraph -->\n<p>Una cadena an\u00f3nima creada a partir de tu direcci\u00f3n de correo electr\u00f3nico (tambi\u00e9n llamada hash) puede ser proporcionada al servicio de Gravatar para ver si la est\u00e1s usando. La pol\u00edtica de privacidad del servicio Gravatar est\u00e1 disponible aqu\u00ed: https:\/\/automattic.com\/privacy\/. Despu\u00e9s de la aprobaci\u00f3n de tu comentario, la imagen de tu perfil es visible para el p\u00fablico en el contexto de tu comentario.<\/p>\n<!-- \/wp:paragraph -->\n\n<!-- wp:heading {\"level\":3} -->\n<h3>Medios<\/h3>\n<!-- \/wp:heading -->\n\n<!-- wp:paragraph -->\n<p>Si subes im\u00e1genes a la web, deber\u00edas evitar subir im\u00e1genes con datos de ubicaci\u00f3n (GPS EXIF) incluidos. Los visitantes de la web pueden descargar y extraer cualquier dato de ubicaci\u00f3n de las im\u00e1genes de la web.<\/p>\n<!-- \/wp:paragraph -->\n\n<!-- wp:heading {\"level\":3} -->\n<h3>Formularios de contacto<\/h3>\n<!-- \/wp:heading -->\n\n<!-- wp:heading {\"level\":3} -->\n<h3>Cookies<\/h3>\n<!-- \/wp:heading -->\n\n<!-- wp:paragraph -->\n<p>Si dejas un comentario en nuestro sitio puedes elegir guardar tu nombre, direcci\u00f3n de correo electr\u00f3nico y web en cookies. Esto es para tu comodidad, para que no tengas que volver a rellenar tus datos cuando dejes otro comentario. Estas cookies tendr\u00e1n una duraci\u00f3n de un a\u00f1o.<\/p>\n<!-- \/wp:paragraph -->\n\n<!-- wp:paragraph -->\n<p>Si tienes una cuenta y te conectas a este sitio, instalaremos una cookie temporal para determinar si tu navegador acepta cookies. Esta cookie no contiene datos personales y se elimina al cerrar el navegador.<\/p>\n<!-- \/wp:paragraph -->\n\n<!-- wp:paragraph -->\n<p>Cuando accedas, tambi\u00e9n instalaremos varias cookies para guardar tu informaci\u00f3n de acceso y tus opciones de visualizaci\u00f3n de pantalla. Las cookies de acceso duran dos d\u00edas, y las cookies de opciones de pantalla duran un a\u00f1o. Si seleccionas \u00abRecu\u00e9rdarme\u00bb, tu acceso perdurar\u00e1 durante dos semanas. Si sales de tu cuenta, las cookies de acceso se eliminar\u00e1n.<\/p>\n<!-- \/wp:paragraph -->\n\n<!-- wp:paragraph -->\n<p>Si editas o publicas un art\u00edculo se guardar\u00e1 una cookie adicional en tu navegador. Esta cookie no incluye datos personales y simplemente indica el ID del art\u00edculo que acabas de editar. Caduca despu\u00e9s de 1 d\u00eda.<\/p>\n<!-- \/wp:paragraph -->\n\n<!-- wp:heading {\"level\":3} -->\n<h3>Contenido incrustado de otros sitios web<\/h3>\n<!-- \/wp:heading -->\n\n<!-- wp:paragraph -->\n<p>Los art\u00edculos de este sitio pueden incluir contenido incrustado (por ejemplo, v\u00eddeos, im\u00e1genes, art\u00edculos, etc.). El contenido incrustado de otras webs se comporta exactamente de la misma manera que si el visitante hubiera visitado la otra web.<\/p>\n<!-- \/wp:paragraph -->\n\n<!-- wp:paragraph -->\n<p>Estas web pueden recopilar datos sobre ti, utilizar cookies, incrustar un seguimiento adicional de terceros, y supervisar tu interacci\u00f3n con ese contenido incrustado, incluido el seguimiento de tu interacci\u00f3n con el contenido incrustado si tienes una cuenta y est\u00e1s conectado a esa web.<\/p>\n<!-- \/wp:paragraph -->\n\n<!-- wp:heading {\"level\":3} -->\n<h3>Anal\u00edtica<\/h3>\n<!-- \/wp:heading -->\n\n<!-- wp:heading -->\n<h2>Con qui\u00e9n compartimos tus datos<\/h2>\n<!-- \/wp:heading -->\n\n<!-- wp:heading -->\n<h2>Cu\u00e1nto tiempo conservamos tus datos<\/h2>\n<!-- \/wp:heading -->\n\n<!-- wp:paragraph -->\n<p>Si dejas un comentario, el comentario y sus metadatos se conservan indefinidamente. Esto es para que podamos reconocer y aprobar comentarios sucesivos autom\u00e1ticamente, en lugar de mantenerlos en una cola de moderaci\u00f3n.<\/p>\n<!-- \/wp:paragraph -->\n\n<!-- wp:paragraph -->\n<p>De los usuarios que se registran en nuestra web (si los hay), tambi\u00e9n almacenamos la informaci\u00f3n personal que proporcionan en su perfil de usuario. Todos los usuarios pueden ver, editar o eliminar su informaci\u00f3n personal en cualquier momento (excepto que no pueden cambiar su nombre de usuario). Los administradores de la web tambi\u00e9n pueden ver y editar esa informaci\u00f3n.<\/p>\n<!-- \/wp:paragraph -->\n\n<!-- wp:heading -->\n<h2>Qu\u00e9 derechos tienes sobre tus datos<\/h2>\n<!-- \/wp:heading -->\n\n<!-- wp:paragraph -->\n<p>Si tienes una cuenta o has dejado comentarios en esta web, puedes solicitar recibir un archivo de exportaci\u00f3n de los datos personales que tenemos sobre ti, incluyendo cualquier dato que nos hayas proporcionado. Tambi\u00e9n puedes solicitar que eliminemos cualquier dato personal que tengamos sobre ti. Esto no incluye ning\u00fan dato que estemos obligados a conservar con fines administrativos, legales o de seguridad.<\/p>\n<!-- \/wp:paragraph -->\n\n<!-- wp:heading -->\n<h2>D\u00f3nde enviamos tus datos<\/h2>\n<!-- \/wp:heading -->\n\n<!-- wp:paragraph -->\n<p>Los comentarios de los visitantes puede que los revise un servicio de detecci\u00f3n autom\u00e1tica de spam.<\/p>\n<!-- \/wp:paragraph -->\n\n<!-- wp:heading -->\n<h2>Tu informaci\u00f3n de contacto<\/h2>\n<!-- \/wp:heading -->\n\n<!-- wp:heading -->\n<h2>Informaci\u00f3n adicional<\/h2>\n<!-- \/wp:heading -->\n\n<!-- wp:heading {\"level\":3} -->\n<h3>C\u00f3mo protegemos tus datos<\/h3>\n<!-- \/wp:heading -->\n\n<!-- wp:heading {\"level\":3} -->\n<h3>Qu\u00e9 procedimientos utilizamos contra las brechas de datos<\/h3>\n<!-- \/wp:heading -->\n\n<!-- wp:heading {\"level\":3} -->\n<h3>De qu\u00e9 terceros recibimos datos<\/h3>\n<!-- \/wp:heading -->\n\n<!-- wp:heading {\"level\":3} -->\n<h3>Qu\u00e9 tipo de toma de decisiones automatizada y\/o perfilado hacemos con los datos del usuario<\/h3>\n<!-- \/wp:heading -->\n\n<!-- wp:heading {\"level\":3} -->\n<h3>Requerimientos regulatorios de revelaci\u00f3n de informaci\u00f3n del sector<\/h3>\n<!-- \/wp:heading -->","_et_gb_content_width":"","footnotes":""},"yoast_head":"<!-- This site is optimized with the Yoast SEO plugin v22.9 - https:\/\/yoast.com\/wordpress\/plugins\/seo\/ -->\n<title>Cookie policy - Proinertial. M\u00e1quinas inerciales. Entrenamiento exc\u00e9ntrico. Fabricante<\/title>\n<meta name=\"robots\" content=\"index, follow, max-snippet:-1, max-image-preview:large, max-video-preview:-1\" \/>\n<link rel=\"canonical\" href=\"https:\/\/proinertial.com\/en\/cookie-policy\/\" \/>\n<meta property=\"og:locale\" content=\"en_US\" \/>\n<meta property=\"og:type\" content=\"article\" \/>\n<meta property=\"og:title\" content=\"Cookie policy - Proinertial. M\u00e1quinas inerciales. Entrenamiento exc\u00e9ntrico. Fabricante\" \/>\n<meta property=\"og:description\" content=\"Cookie policy &nbsp; What is a cookie? A cookie is a harmless text file that is stored in your browser when you visit almost any website. The usefulness of the cookie is that the website will be able to remember your visit when you come back to browse that page. Although many people do not [&hellip;]\" \/>\n<meta property=\"og:url\" content=\"https:\/\/proinertial.com\/en\/cookie-policy\/\" \/>\n<meta property=\"og:site_name\" content=\"Proinertial. M\u00e1quinas inerciales. Entrenamiento exc\u00e9ntrico. Fabricante\" \/>\n<meta property=\"article:modified_time\" content=\"2020-12-03T16:33:17+00:00\" \/>\n<meta name=\"twitter:card\" content=\"summary_large_image\" \/>\n<meta name=\"twitter:label1\" content=\"Est. reading time\" \/>\n\t<meta name=\"twitter:data1\" content=\"5 minutes\" \/>\n<script type=\"application\/ld+json\" class=\"yoast-schema-graph\">{\"@context\":\"https:\/\/schema.org\",\"@graph\":[{\"@type\":\"WebPage\",\"@id\":\"https:\/\/proinertial.com\/en\/cookie-policy\/\",\"url\":\"https:\/\/proinertial.com\/en\/cookie-policy\/\",\"name\":\"Cookie policy - Proinertial. M\u00e1quinas inerciales. Entrenamiento exc\u00e9ntrico. Fabricante\",\"isPartOf\":{\"@id\":\"https:\/\/proinertial.com\/#website\"},\"datePublished\":\"2020-11-24T12:49:56+00:00\",\"dateModified\":\"2020-12-03T16:33:17+00:00\",\"breadcrumb\":{\"@id\":\"https:\/\/proinertial.com\/en\/cookie-policy\/#breadcrumb\"},\"inLanguage\":\"en-US\",\"potentialAction\":[{\"@type\":\"ReadAction\",\"target\":[\"https:\/\/proinertial.com\/en\/cookie-policy\/\"]}]},{\"@type\":\"BreadcrumbList\",\"@id\":\"https:\/\/proinertial.com\/en\/cookie-policy\/#breadcrumb\",\"itemListElement\":[{\"@type\":\"ListItem\",\"position\":1,\"name\":\"Portada\",\"item\":\"https:\/\/proinertial.com\/\"},{\"@type\":\"ListItem\",\"position\":2,\"name\":\"Cookie policy\"}]},{\"@type\":\"WebSite\",\"@id\":\"https:\/\/proinertial.com\/#website\",\"url\":\"https:\/\/proinertial.com\/\",\"name\":\"Proinertial. M\u00e1quinas inerciales. Entrenamiento exc\u00e9ntrico. Fabricante\",\"description\":\"Desarrollamos maquinaria inercial para ejercicios de resistencia con entrenamiento exc\u00e9ntrico. Equipos de disco inercial flywheel, polea c\u00f3nica, leg curl\/press.\",\"potentialAction\":[{\"@type\":\"SearchAction\",\"target\":{\"@type\":\"EntryPoint\",\"urlTemplate\":\"https:\/\/proinertial.com\/?s={search_term_string}\"},\"query-input\":\"required name=search_term_string\"}],\"inLanguage\":\"en-US\"}]}<\/script>\n<!-- \/ Yoast SEO plugin. -->","yoast_head_json":{"title":"Cookie policy - Proinertial. M\u00e1quinas inerciales. Entrenamiento exc\u00e9ntrico. Fabricante","robots":{"index":"index","follow":"follow","max-snippet":"max-snippet:-1","max-image-preview":"max-image-preview:large","max-video-preview":"max-video-preview:-1"},"canonical":"https:\/\/proinertial.com\/en\/cookie-policy\/","og_locale":"en_US","og_type":"article","og_title":"Cookie policy - Proinertial. M\u00e1quinas inerciales. Entrenamiento exc\u00e9ntrico. Fabricante","og_description":"Cookie policy &nbsp; What is a cookie? A cookie is a harmless text file that is stored in your browser when you visit almost any website. The usefulness of the cookie is that the website will be able to remember your visit when you come back to browse that page. Although many people do not [&hellip;]","og_url":"https:\/\/proinertial.com\/en\/cookie-policy\/","og_site_name":"Proinertial. M\u00e1quinas inerciales. Entrenamiento exc\u00e9ntrico. Fabricante","article_modified_time":"2020-12-03T16:33:17+00:00","twitter_card":"summary_large_image","twitter_misc":{"Est. reading time":"5 minutes"},"schema":{"@context":"https:\/\/schema.org","@graph":[{"@type":"WebPage","@id":"https:\/\/proinertial.com\/en\/cookie-policy\/","url":"https:\/\/proinertial.com\/en\/cookie-policy\/","name":"Cookie policy - Proinertial. M\u00e1quinas inerciales. Entrenamiento exc\u00e9ntrico. Fabricante","isPartOf":{"@id":"https:\/\/proinertial.com\/#website"},"datePublished":"2020-11-24T12:49:56+00:00","dateModified":"2020-12-03T16:33:17+00:00","breadcrumb":{"@id":"https:\/\/proinertial.com\/en\/cookie-policy\/#breadcrumb"},"inLanguage":"en-US","potentialAction":[{"@type":"ReadAction","target":["https:\/\/proinertial.com\/en\/cookie-policy\/"]}]},{"@type":"BreadcrumbList","@id":"https:\/\/proinertial.com\/en\/cookie-policy\/#breadcrumb","itemListElement":[{"@type":"ListItem","position":1,"name":"Portada","item":"https:\/\/proinertial.com\/"},{"@type":"ListItem","position":2,"name":"Cookie policy"}]},{"@type":"WebSite","@id":"https:\/\/proinertial.com\/#website","url":"https:\/\/proinertial.com\/","name":"Proinertial. M\u00e1quinas inerciales. Entrenamiento exc\u00e9ntrico. Fabricante","description":"Desarrollamos maquinaria inercial para ejercicios de resistencia con entrenamiento exc\u00e9ntrico. Equipos de disco inercial flywheel, polea c\u00f3nica, leg curl\/press.","potentialAction":[{"@type":"SearchAction","target":{"@type":"EntryPoint","urlTemplate":"https:\/\/proinertial.com\/?s={search_term_string}"},"query-input":"required name=search_term_string"}],"inLanguage":"en-US"}]}},"_links":{"self":[{"href":"https:\/\/proinertial.com\/en\/wp-json\/wp\/v2\/pages\/813"}],"collection":[{"href":"https:\/\/proinertial.com\/en\/wp-json\/wp\/v2\/pages"}],"about":[{"href":"https:\/\/proinertial.com\/en\/wp-json\/wp\/v2\/types\/page"}],"author":[{"embeddable":true,"href":"https:\/\/proinertial.com\/en\/wp-json\/wp\/v2\/users\/1"}],"replies":[{"embeddable":true,"href":"https:\/\/proinertial.com\/en\/wp-json\/wp\/v2\/comments?post=813"}],"version-history":[{"count":4,"href":"https:\/\/proinertial.com\/en\/wp-json\/wp\/v2\/pages\/813\/revisions"}],"predecessor-version":[{"id":1113,"href":"https:\/\/proinertial.com\/en\/wp-json\/wp\/v2\/pages\/813\/revisions\/1113"}],"wp:attachment":[{"href":"https:\/\/proinertial.com\/en\/wp-json\/wp\/v2\/media?parent=813"}],"curies":[{"name":"wp","href":"https:\/\/api.w.org\/{rel}","templated":true}]}}